{"id":14338,"date":"2023-05-31T12:37:49","date_gmt":"2023-05-31T17:37:49","guid":{"rendered":"https:\/\/yei.tours\/?page_id=14338"},"modified":"2023-06-07T13:05:24","modified_gmt":"2023-06-07T18:05:24","slug":"lonely-planet","status":"publish","type":"page","link":"https:\/\/yei.tours\/en_en\/lonely-planet\/","title":{"rendered":"Lonely Planet"},"content":{"rendered":"\r\n<h2><b><div class=\"trp_language_switcher_shortcode\">\n<div class=\"trp-language-switcher trp-language-switcher-container\" data-no-translation >\n    <div class=\"trp-ls-shortcode-current-language\">\n        <a href=\"#\" class=\"trp-ls-shortcode-disabled-language trp-ls-disabled-language\" title=\"Espa\u00f1ol de M\u00e9xico\" onclick=\"event.preventDefault()\">\n\t\t\t<img loading=\"lazy\" decoding=\"async\" class=\"trp-flag-image\" src=\"https:\/\/yei.tours\/wp-content\/plugins\/translatepress-multilingual\/assets\/images\/flags\/es_MX.png\" width=\"18\" height=\"12\" alt=\"es_MX\" title=\"Espa\u00f1ol de M\u00e9xico\"> \t\t<\/a>\n    <\/div>\n    <div class=\"trp-ls-shortcode-language\">\n                    <a href=\"https:\/\/yei.tours\/en_en\/wp-json\/wp\/v2\/pages\/14338#TRPLINKPROCESSED\" title=\"Espa\u00f1ol de M\u00e9xico\">\n            <img loading=\"lazy\" decoding=\"async\" class=\"trp-flag-image\" src=\"https:\/\/yei.tours\/wp-content\/plugins\/translatepress-multilingual\/assets\/images\/flags\/es_MX.png\" width=\"18\" height=\"12\" alt=\"es_MX\" title=\"Espa\u00f1ol de M\u00e9xico\">         <\/a>\n\n        <\/div>\n    <script type=\"application\/javascript\">\n        \/\/ need to have the same with set from JS on both divs. Otherwise it can push stuff around in HTML\n        var trp_ls_shortcodes = document.querySelectorAll('.trp_language_switcher_shortcode .trp-language-switcher');\n        if ( trp_ls_shortcodes.length > 0) {\n            \/\/ get the last language switcher added\n            var trp_el = trp_ls_shortcodes[trp_ls_shortcodes.length - 1];\n\n            var trp_shortcode_language_item = trp_el.querySelector( '.trp-ls-shortcode-language' )\n            \/\/ set width\n            var trp_ls_shortcode_width                                               = trp_shortcode_language_item.offsetWidth + 16;\n            trp_shortcode_language_item.style.width                                  = trp_ls_shortcode_width + 'px';\n            trp_el.querySelector( '.trp-ls-shortcode-current-language' ).style.width = trp_ls_shortcode_width + 'px';\n\n            \/\/ We're putting this on display: none after we have its width.\n            trp_shortcode_language_item.style.display = 'none';\n        }\n    <\/script>\n<\/div>\n<\/div><\/b><\/h2>\r\n<h2 id=\"wp-block-themeisle-blocks-advanced-heading-2ca698f9\" class=\"wp-block-themeisle-blocks-advanced-heading wp-block-themeisle-blocks-advanced-heading-2ca698f9\" style=\"text-align: center;\">Edici\u00f3n M\u00e9xico 2023<\/h2>\r\n\r\n\r\n\r\n<div id=\"wp-block-themeisle-blocks-advanced-columns-66c7fd2d\" class=\"wp-block-themeisle-blocks-advanced-columns has-2-columns has-desktop-equal-layout has-tablet-equal-layout has-mobile-collapsedRows-layout has-vertical-unset\">\r\n<div class=\"wp-block-themeisle-blocks-advanced-columns-overlay\">\u00a0<\/div>\r\n<div class=\"innerblocks-wrap\">\r\n<div id=\"wp-block-themeisle-blocks-advanced-column-759b37f5\" class=\"wp-block-themeisle-blocks-advanced-column\">\r\n<figure class=\"wp-block-image size-full is-resized\"><a href=\"https:\/\/shop.lonelyplanet.com\/products\/mexico\"><img loading=\"lazy\" decoding=\"async\" class=\"wp-image-14343\" src=\"https:\/\/yei.tours\/wp-content\/uploads\/2023\/05\/LONELY-PLANET-COVER.jpg\" alt=\"\" width=\"308\" height=\"474\" srcset=\"https:\/\/yei.tours\/wp-content\/uploads\/2023\/05\/LONELY-PLANET-COVER.jpg 650w, https:\/\/yei.tours\/wp-content\/uploads\/2023\/05\/LONELY-PLANET-COVER-195x300.jpg 195w, https:\/\/yei.tours\/wp-content\/uploads\/2023\/05\/LONELY-PLANET-COVER-8x12.jpg 8w, https:\/\/yei.tours\/wp-content\/uploads\/2023\/05\/LONELY-PLANET-COVER-20x30.jpg 20w, https:\/\/yei.tours\/wp-content\/uploads\/2023\/05\/LONELY-PLANET-COVER-640x985.jpg 640w, https:\/\/yei.tours\/wp-content\/uploads\/2023\/05\/LONELY-PLANET-COVER-480x738.jpg 480w, https:\/\/yei.tours\/wp-content\/uploads\/2023\/05\/LONELY-PLANET-COVER-600x923.jpg 600w\" sizes=\"auto, (max-width: 308px) 100vw, 308px\" \/><\/a><\/figure>\r\n<\/div>\r\n\r\n\r\n\r\n<div id=\"wp-block-themeisle-blocks-advanced-column-4ad3efdf\" class=\"wp-block-themeisle-blocks-advanced-column\">\r\n<figure class=\"wp-block-pullquote has-text-align-left\">\r\n<blockquote>\r\n<p style=\"text-align: justify;\">&#8220;Agradable y profesional empresa de circuitos que propone interesantes salidas a pie por el centro de Morelia y m\u00e1s all\u00e1. Rodrigo Rosales, el entendido gu\u00eda oficial, encabeza todos los circuitos. Las salidas incluyen el servicio puerta a puerta, los precios de las entradas, una comida e incluso las fotos digitales de la salida.&#8221;<\/p>\r\n<span style=\"text-decoration: underline;\"><cite>Lonely Planet &#8211; edici\u00f3n m\u00e9xico 2023<\/cite><\/span><\/blockquote>\r\n<\/figure>\r\n<\/div>\r\n<\/div>\r\n<\/div>\r\n","protected":false},"excerpt":{"rendered":"","protected":false},"author":1,"featured_media":0,"parent":0,"menu_order":0,"comment_status":"closed","ping_status":"closed","template":"","meta":{"_crdt_document":"","_monsterinsights_skip_tracking":false,"_monsterinsights_sitenote_active":false,"_monsterinsights_sitenote_note":"","_monsterinsights_sitenote_category":0,"_themeisle_gutenberg_block_has_review":false,"footnotes":""},"folder":[371],"class_list":["post-14338","page","type-page","status-publish","hentry"],"yoast_head":"<!-- This site is optimized with the Yoast SEO plugin v27.5 - https:\/\/yoast.com\/product\/yoast-seo-wordpress\/ -->\n<title>Lonely Planet - Yei!<\/title>\n<meta name=\"robots\" content=\"index, follow, max-snippet:-1, max-image-preview:large, max-video-preview:-1\" \/>\n<link rel=\"canonical\" href=\"https:\/\/yei.tours\/en_en\/lonely-planet\/\" \/>\n<meta property=\"og:locale\" content=\"en_GB\" \/>\n<meta property=\"og:type\" content=\"article\" \/>\n<meta property=\"og:title\" content=\"Lonely Planet - Yei!\" \/>\n<meta property=\"og:url\" content=\"https:\/\/yei.tours\/en_en\/lonely-planet\/\" \/>\n<meta property=\"og:site_name\" content=\"Yei!\" \/>\n<meta property=\"article:publisher\" content=\"https:\/\/www.facebook.com\/YeiTours\/\" \/>\n<meta property=\"article:modified_time\" content=\"2023-06-07T18:05:24+00:00\" \/>\n<meta property=\"og:image\" content=\"https:\/\/yei.tours\/wp-content\/uploads\/2023\/05\/LONELY-PLANET-COVER.jpg\" \/>\n<meta name=\"twitter:card\" content=\"summary_large_image\" \/>\n<meta name=\"twitter:site\" content=\"@YeiTours\" \/>\n<meta name=\"twitter:label1\" content=\"Estimated reading time\" \/>\n\t<meta name=\"twitter:data1\" content=\"1 minute\" \/>\n<script type=\"application\/ld+json\" class=\"yoast-schema-graph\">{\"@context\":\"https:\\\/\\\/schema.org\",\"@graph\":[{\"@type\":\"WebPage\",\"@id\":\"https:\\\/\\\/yei.tours\\\/lonely-planet\\\/\",\"url\":\"https:\\\/\\\/yei.tours\\\/lonely-planet\\\/\",\"name\":\"Lonely Planet - Yei!\",\"isPartOf\":{\"@id\":\"https:\\\/\\\/yei.tours\\\/#website\"},\"primaryImageOfPage\":{\"@id\":\"https:\\\/\\\/yei.tours\\\/lonely-planet\\\/#primaryimage\"},\"image\":{\"@id\":\"https:\\\/\\\/yei.tours\\\/lonely-planet\\\/#primaryimage\"},\"thumbnailUrl\":\"https:\\\/\\\/yei.tours\\\/wp-content\\\/uploads\\\/2023\\\/05\\\/LONELY-PLANET-COVER.jpg\",\"datePublished\":\"2023-05-31T17:37:49+00:00\",\"dateModified\":\"2023-06-07T18:05:24+00:00\",\"breadcrumb\":{\"@id\":\"https:\\\/\\\/yei.tours\\\/lonely-planet\\\/#breadcrumb\"},\"inLanguage\":\"en-GB\",\"potentialAction\":[{\"@type\":\"ReadAction\",\"target\":[\"https:\\\/\\\/yei.tours\\\/lonely-planet\\\/\"]}]},{\"@type\":\"ImageObject\",\"inLanguage\":\"en-GB\",\"@id\":\"https:\\\/\\\/yei.tours\\\/lonely-planet\\\/#primaryimage\",\"url\":\"https:\\\/\\\/yei.tours\\\/wp-content\\\/uploads\\\/2023\\\/05\\\/LONELY-PLANET-COVER.jpg\",\"contentUrl\":\"https:\\\/\\\/yei.tours\\\/wp-content\\\/uploads\\\/2023\\\/05\\\/LONELY-PLANET-COVER.jpg\"},{\"@type\":\"BreadcrumbList\",\"@id\":\"https:\\\/\\\/yei.tours\\\/lonely-planet\\\/#breadcrumb\",\"itemListElement\":[{\"@type\":\"ListItem\",\"position\":1,\"name\":\"Inicio\",\"item\":\"https:\\\/\\\/yei.tours\\\/\"},{\"@type\":\"ListItem\",\"position\":2,\"name\":\"Lonely Planet\"}]},{\"@type\":\"WebSite\",\"@id\":\"https:\\\/\\\/yei.tours\\\/#website\",\"url\":\"https:\\\/\\\/yei.tours\\\/\",\"name\":\"Yei!\",\"description\":\"\",\"publisher\":{\"@id\":\"https:\\\/\\\/yei.tours\\\/#organization\"},\"potentialAction\":[{\"@type\":\"SearchAction\",\"target\":{\"@type\":\"EntryPoint\",\"urlTemplate\":\"https:\\\/\\\/yei.tours\\\/?s={search_term_string}\"},\"query-input\":{\"@type\":\"PropertyValueSpecification\",\"valueRequired\":true,\"valueName\":\"search_term_string\"}}],\"inLanguage\":\"en-GB\"},{\"@type\":\"Organization\",\"@id\":\"https:\\\/\\\/yei.tours\\\/#organization\",\"name\":\"Yei Tours\",\"url\":\"https:\\\/\\\/yei.tours\\\/\",\"logo\":{\"@type\":\"ImageObject\",\"inLanguage\":\"en-GB\",\"@id\":\"https:\\\/\\\/yei.tours\\\/#\\\/schema\\\/logo\\\/image\\\/\",\"url\":\"https:\\\/\\\/yei.tours\\\/wp-content\\\/uploads\\\/2018\\\/08\\\/cropped-Web-Logo.png\",\"contentUrl\":\"https:\\\/\\\/yei.tours\\\/wp-content\\\/uploads\\\/2018\\\/08\\\/cropped-Web-Logo.png\",\"width\":94,\"height\":50,\"caption\":\"Yei Tours\"},\"image\":{\"@id\":\"https:\\\/\\\/yei.tours\\\/#\\\/schema\\\/logo\\\/image\\\/\"},\"sameAs\":[\"https:\\\/\\\/www.facebook.com\\\/YeiTours\\\/\",\"https:\\\/\\\/x.com\\\/YeiTours\",\"https:\\\/\\\/www.instagram.com\\\/yeitours\\\/\"]}]}<\/script>\n<!-- \/ Yoast SEO plugin. -->","yoast_head_json":{"title":"Lonely Planet - Yei!","robots":{"index":"index","follow":"follow","max-snippet":"max-snippet:-1","max-image-preview":"max-image-preview:large","max-video-preview":"max-video-preview:-1"},"canonical":"https:\/\/yei.tours\/en_en\/lonely-planet\/","og_locale":"en_GB","og_type":"article","og_title":"Lonely Planet - Yei!","og_url":"https:\/\/yei.tours\/en_en\/lonely-planet\/","og_site_name":"Yei!","article_publisher":"https:\/\/www.facebook.com\/YeiTours\/","article_modified_time":"2023-06-07T18:05:24+00:00","og_image":[{"url":"https:\/\/yei.tours\/wp-content\/uploads\/2023\/05\/LONELY-PLANET-COVER.jpg","type":"","width":"","height":""}],"twitter_card":"summary_large_image","twitter_site":"@YeiTours","twitter_misc":{"Estimated reading time":"1 minute"},"schema":{"@context":"https:\/\/schema.org","@graph":[{"@type":"WebPage","@id":"https:\/\/yei.tours\/lonely-planet\/","url":"https:\/\/yei.tours\/lonely-planet\/","name":"Lonely Planet - Yei!","isPartOf":{"@id":"https:\/\/yei.tours\/#website"},"primaryImageOfPage":{"@id":"https:\/\/yei.tours\/lonely-planet\/#primaryimage"},"image":{"@id":"https:\/\/yei.tours\/lonely-planet\/#primaryimage"},"thumbnailUrl":"https:\/\/yei.tours\/wp-content\/uploads\/2023\/05\/LONELY-PLANET-COVER.jpg","datePublished":"2023-05-31T17:37:49+00:00","dateModified":"2023-06-07T18:05:24+00:00","breadcrumb":{"@id":"https:\/\/yei.tours\/lonely-planet\/#breadcrumb"},"inLanguage":"en-GB","potentialAction":[{"@type":"ReadAction","target":["https:\/\/yei.tours\/lonely-planet\/"]}]},{"@type":"ImageObject","inLanguage":"en-GB","@id":"https:\/\/yei.tours\/lonely-planet\/#primaryimage","url":"https:\/\/yei.tours\/wp-content\/uploads\/2023\/05\/LONELY-PLANET-COVER.jpg","contentUrl":"https:\/\/yei.tours\/wp-content\/uploads\/2023\/05\/LONELY-PLANET-COVER.jpg"},{"@type":"BreadcrumbList","@id":"https:\/\/yei.tours\/lonely-planet\/#breadcrumb","itemListElement":[{"@type":"ListItem","position":1,"name":"Inicio","item":"https:\/\/yei.tours\/"},{"@type":"ListItem","position":2,"name":"Lonely Planet"}]},{"@type":"WebSite","@id":"https:\/\/yei.tours\/#website","url":"https:\/\/yei.tours\/","name":"Yei!","description":"","publisher":{"@id":"https:\/\/yei.tours\/#organization"},"potentialAction":[{"@type":"SearchAction","target":{"@type":"EntryPoint","urlTemplate":"https:\/\/yei.tours\/?s={search_term_string}"},"query-input":{"@type":"PropertyValueSpecification","valueRequired":true,"valueName":"search_term_string"}}],"inLanguage":"en-GB"},{"@type":"Organization","@id":"https:\/\/yei.tours\/#organization","name":"Yei Tours","url":"https:\/\/yei.tours\/","logo":{"@type":"ImageObject","inLanguage":"en-GB","@id":"https:\/\/yei.tours\/#\/schema\/logo\/image\/","url":"https:\/\/yei.tours\/wp-content\/uploads\/2018\/08\/cropped-Web-Logo.png","contentUrl":"https:\/\/yei.tours\/wp-content\/uploads\/2018\/08\/cropped-Web-Logo.png","width":94,"height":50,"caption":"Yei Tours"},"image":{"@id":"https:\/\/yei.tours\/#\/schema\/logo\/image\/"},"sameAs":["https:\/\/www.facebook.com\/YeiTours\/","https:\/\/x.com\/YeiTours","https:\/\/www.instagram.com\/yeitours\/"]}]}},"_links":{"self":[{"href":"https:\/\/yei.tours\/en_en\/wp-json\/wp\/v2\/pages\/14338","targetHints":{"allow":["GET"]}}],"collection":[{"href":"https:\/\/yei.tours\/en_en\/wp-json\/wp\/v2\/pages"}],"about":[{"href":"https:\/\/yei.tours\/en_en\/wp-json\/wp\/v2\/types\/page"}],"author":[{"embeddable":true,"href":"https:\/\/yei.tours\/en_en\/wp-json\/wp\/v2\/users\/1"}],"replies":[{"embeddable":true,"href":"https:\/\/yei.tours\/en_en\/wp-json\/wp\/v2\/comments?post=14338"}],"version-history":[{"count":3,"href":"https:\/\/yei.tours\/en_en\/wp-json\/wp\/v2\/pages\/14338\/revisions"}],"predecessor-version":[{"id":14982,"href":"https:\/\/yei.tours\/en_en\/wp-json\/wp\/v2\/pages\/14338\/revisions\/14982"}],"wp:attachment":[{"href":"https:\/\/yei.tours\/en_en\/wp-json\/wp\/v2\/media?parent=14338"}],"wp:term":[{"taxonomy":"folder","embeddable":true,"href":"https:\/\/yei.tours\/en_en\/wp-json\/wp\/v2\/folder?post=14338"}],"curies":[{"name":"wp","href":"https:\/\/api.w.org\/{rel}","templated":true}]}}