{"id":3,"date":"2018-06-14T00:49:41","date_gmt":"2018-06-14T05:49:41","guid":{"rendered":"https:\/\/yei.tours\/?page_id=3"},"modified":"2023-06-07T19:00:38","modified_gmt":"2023-06-08T00:00:38","slug":"aviso-de-privacidad","status":"publish","type":"page","link":"https:\/\/yei.tours\/en_en\/aviso-de-privacidad\/","title":{"rendered":"Privacy Notice"},"content":{"rendered":"<p><b><div class=\"trp_language_switcher_shortcode\">\n<div class=\"trp-language-switcher trp-language-switcher-container\" data-no-translation >\n    <div class=\"trp-ls-shortcode-current-language\">\n        <a href=\"#\" class=\"trp-ls-shortcode-disabled-language trp-ls-disabled-language\" title=\"Espa\u00f1ol de M\u00e9xico\" onclick=\"event.preventDefault()\">\n\t\t\t<img loading=\"lazy\" decoding=\"async\" class=\"trp-flag-image\" src=\"https:\/\/yei.tours\/wp-content\/plugins\/translatepress-multilingual\/assets\/images\/flags\/es_MX.png\" width=\"18\" height=\"12\" alt=\"es_MX\" title=\"Espa\u00f1ol de M\u00e9xico\"> \t\t<\/a>\n    <\/div>\n    <div class=\"trp-ls-shortcode-language\">\n                    <a href=\"https:\/\/yei.tours\/en_en\/wp-json\/wp\/v2\/pages\/3#TRPLINKPROCESSED\" title=\"Espa\u00f1ol de M\u00e9xico\">\n            <img loading=\"lazy\" decoding=\"async\" class=\"trp-flag-image\" src=\"https:\/\/yei.tours\/wp-content\/plugins\/translatepress-multilingual\/assets\/images\/flags\/es_MX.png\" width=\"18\" height=\"12\" alt=\"es_MX\" title=\"Espa\u00f1ol de M\u00e9xico\">         <\/a>\n\n        <\/div>\n    <script type=\"application\/javascript\">\n        \/\/ need to have the same with set from JS on both divs. Otherwise it can push stuff around in HTML\n        var trp_ls_shortcodes = document.querySelectorAll('.trp_language_switcher_shortcode .trp-language-switcher');\n        if ( trp_ls_shortcodes.length > 0) {\n            \/\/ get the last language switcher added\n            var trp_el = trp_ls_shortcodes[trp_ls_shortcodes.length - 1];\n\n            var trp_shortcode_language_item = trp_el.querySelector( '.trp-ls-shortcode-language' )\n            \/\/ set width\n            var trp_ls_shortcode_width                                               = trp_shortcode_language_item.offsetWidth + 16;\n            trp_shortcode_language_item.style.width                                  = trp_ls_shortcode_width + 'px';\n            trp_el.querySelector( '.trp-ls-shortcode-current-language' ).style.width = trp_ls_shortcode_width + 'px';\n\n            \/\/ We're putting this on display: none after we have its width.\n            trp_shortcode_language_item.style.display = 'none';\n        }\n    <\/script>\n<\/div>\n<\/div><\/b><\/p>\n<p style=\"text-align: justify;\"><strong>AVISO DE PRIVACIDAD<\/strong><\/p>\n<p style=\"text-align: justify;\">Rodrigo Rosales Ruano, mejor conocido como Yei Tours, con domicilio en calle Nicol\u00e1s Le\u00f3n 101, colonia Las Camelinas, ciudad Morelia, municipio o delegaci\u00f3n Morelia, c.p. 58290, en la entidad de Michoac\u00e1n, pa\u00eds M\u00e9xico, y portal de internet <a href=\"https:\/\/yei.tours\/\">https:\/\/yei.tours\/<\/a>, es el responsable del uso y protecci\u00f3n de sus datos personales, y al respecto le informamos lo siguiente:<\/p>\n<p style=\"text-align: justify;\"><strong>\u00bfPara qu\u00e9 fines utilizaremos sus datos personales?<\/strong><\/p>\n<p style=\"text-align: justify;\">De manera adicional, utilizaremos su informaci\u00f3n personal para las siguientes finalidades secundarias que no son necesarias para el servicio solicitado, pero que nos permiten y facilitan brindarle una mejor atenci\u00f3n:<\/p>\n<p style=\"text-align: justify;\">l Mercadotecnia<br \/>\nl Publicidad<br \/>\nl Ventas<br \/>\nl Segmentaci\u00f3n comercial<br \/>\nl Mercadotecnia o publicitaria<br \/>\nl Prospecci\u00f3n comercial<\/p>\n<p style=\"text-align: justify;\">En caso de que no desee que sus datos personales se utilicen para estos fines secundarios, ind\u00edquelo a continuaci\u00f3n:<\/p>\n<p style=\"text-align: justify;\">No consiento que mis datos personales se utilicen para los siguientes fines:<\/p>\n<p style=\"text-align: justify;\">[ ] Mercadotecnia<br \/>\n[ ] Publicidad<br \/>\n[ ] Ventas<br \/>\n[ ] Segmentaci\u00f3n comercial<br \/>\n[ ] Mercadotecnia o publicitaria<br \/>\n[ ] Prospecci\u00f3n comercial<\/p>\n<p style=\"text-align: justify;\">La negativa para el uso de sus datos personales para estas finalidades no podr\u00e1 ser un motivo para que le neguemos los servicios y productos que solicita o contrata con nosotros.<\/p>\n<p style=\"text-align: justify;\">\u00bfQu\u00e9 datos personales utilizaremos para estos fines?<\/p>\n<p style=\"text-align: justify;\">Para llevar a cabo las finalidades descritas en el presente aviso de privacidad, utilizaremos los siguientes datos personales:<\/p>\n<p style=\"text-align: justify;\">Nombre<\/p>\n<p style=\"text-align: justify;\">Fecha de nacimiento<\/p>\n<p style=\"text-align: justify;\">Nacionalidad<\/p>\n<p style=\"text-align: justify;\">Tel\u00e9fono celular<\/p>\n<p style=\"text-align: justify;\">Tel\u00e9fono fijo<\/p>\n<p style=\"text-align: justify;\">Correo electr\u00f3nico<\/p>\n<p style=\"text-align: justify;\">Edad<\/p>\n<p style=\"text-align: justify;\">Domicilio y c\u00f3digo postal<\/p>\n<p style=\"text-align: justify;\"><strong>\u00bfC\u00f3mo puede acceder, rectificar o cancelar sus datos personales, u oponerse a su uso?<\/strong><\/p>\n<p style=\"text-align: justify;\">Usted tiene derecho a conocer qu\u00e9 datos personales tenemos de usted, para qu\u00e9 los utilizamos y las condiciones del uso que les damos (Acceso). Asimismo, es su derecho solicitar la correcci\u00f3n de su informaci\u00f3n personal en caso de que est\u00e9 desactualizada, sea inexacta o incompleta (Rectificaci\u00f3n); que la eliminemos de nuestros registros o bases de datos cuando considere que la misma no est\u00e1 siendo utilizada adecuadamente (Cancelaci\u00f3n); as\u00ed como oponerse al uso de sus datos personales para fines espec\u00edficos (Oposici\u00f3n). Estos derechos se conocen como derechos ARCO.<\/p>\n<p style=\"text-align: justify;\">Para el ejercicio de cualquiera de los derechos ARCO, usted deber\u00e1 presentar la solicitud respectiva a trav\u00e9s del siguiente medio:<\/p>\n<p style=\"text-align: justify;\"><a href=\"mailto:contacto@yei.tours\">contacto@yei.tours<\/a><\/p>\n<p style=\"text-align: justify;\">Para conocer el procedimiento y requisitos para el ejercicio de los derechos ARCO, ponemos a su disposici\u00f3n el siguiente medio:<\/p>\n<p style=\"text-align: justify;\"><a href=\"mailto:contacto@yei.tours\">contacto@yei.tours<\/a><\/p>\n<p style=\"text-align: justify;\">Los datos de contacto de la persona o departamento de datos personales, que est\u00e1 a cargo de dar tr\u00e1mite a las solicitudes de derechos ARCO, son los siguientes:<\/p>\n<p style=\"text-align: justify;\">Nombre de la persona o departamento de datos personales: Rodrigo Rosales Ruano<\/p>\n<p style=\"text-align: justify;\">Domicilio: calle Nicol\u00e1s Leon 101, colonia Las Camelinas, ciudad<br \/>\nMorelia, municipio o delegaci\u00f3n Morelia, c.p. 58290, en la entidad de Michoac\u00e1n, pa\u00eds M\u00e9xico<\/p>\n<p style=\"text-align: justify;\">Correo electr\u00f3nico: <a href=\"mailto:rodrigo@yei.tours\">rodrigo@yei.tours<\/a><\/p>\n<p style=\"text-align: justify;\">N\u00famero telef\u00f3nico: 4432757807<\/p>\n<p style=\"text-align: justify;\">Usted puede revocar su consentimiento para el uso de sus datos personales<\/p>\n<p style=\"text-align: justify;\">Usted puede revocar el consentimiento que, en su caso, nos haya otorgado para el tratamiento de sus datos personales. Sin embargo, es importante que tenga en cuenta que no en todos los casos podremos atender su solicitud o concluir el uso de forma inmediata, ya que es posible que por alguna obligaci\u00f3n legal requiramos seguir tratando sus datos personales. Asimismo, usted deber\u00e1 considerar que para ciertos fines, la revocaci\u00f3n de su consentimiento implicar\u00e1 que no le podamos seguir prestando el servicio que nos solicit\u00f3, o la conclusi\u00f3n de su relaci\u00f3n con nosotros.<\/p>\n<p style=\"text-align: justify;\">Para revocar su consentimiento deber\u00e1 presentar su solicitud a trav\u00e9s del siguiente medio:<\/p>\n<p style=\"text-align: justify;\"><a href=\"mailto:contacto@yei.tours\">contacto@yei.tours<\/a><\/p>\n<p style=\"text-align: justify;\">Para conocer el procedimiento y requisitos para la revocaci\u00f3n del consentimiento, ponemos a su disposici\u00f3n el<br \/>\nsiguiente medio:<\/p>\n<p style=\"text-align: justify;\"><a href=\"mailto:contacto@yei.tours\">contacto@yei.tours<\/a><\/p>\n<p style=\"text-align: justify;\"><strong>\u00bfC\u00f3mo puede limitar el uso o divulgaci\u00f3n de su informaci\u00f3n personal?<\/strong><br \/>\nCon objeto de que usted pueda limitar el uso y divulgaci\u00f3n de su informaci\u00f3n personal, le ofrecemos los siguientes medios:<br \/>\n<a href=\"mailto:contacto@yei.tours\">contacto@yei.tours<\/a><\/p>\n<p style=\"text-align: justify;\"><strong>Informaci\u00f3n Bancaria<\/strong><\/p>\n<p style=\"text-align: justify;\">Todos los datos bancarios ingresados en nuestro sitio o terminales m\u00f3viles ser\u00e1n utilizados mediante aplicaciones externas (PayPal,OpenPay y Clip) las cuales aseguran una total protecci\u00f3n de la informaci\u00f3n proporcionada. El aviso de privacidad de cada aplicaci\u00f3n puede ser consultada directamente en el sitio web correspondiente. Yei Tours no resguarda ni resguardar\u00e1 informaci\u00f3n bancaria alguna de cualquiera de nuestros usuarios.<\/p>\n<p style=\"text-align: justify;\"><strong>El uso de tecnolog\u00edas de rastreo en nuestro portal de internet<\/strong><\/p>\n<p style=\"text-align: justify;\">Le informamos que en nuestra p\u00e1gina de internet utilizamos cookies, web beacons u otras tecnolog\u00edas, a trav\u00e9s de las cuales es posible monitorear su comportamiento como usuario de internet, as\u00ed como brindarle un mejor servicio y experiencia al navegar en nuestra p\u00e1gina. Los datos personales que recabamos a trav\u00e9s de estas tecnolog\u00edas, los utilizaremos para los siguientes fines:<\/p>\n<p style=\"text-align: justify;\"><strong>Mercadotecnia y publicidad<\/strong><\/p>\n<p style=\"text-align: justify;\">Los datos personales que obtenemos de estas tecnolog\u00edas de rastreo son los siguientes:<\/p>\n<p style=\"text-align: justify;\">Identificadores, nombre de usuario y contrase\u00f1as de una sesi\u00f3n<br \/>\nIdioma preferido por el usuario<br \/>\nRegi\u00f3n en la que se encuentra el usuario<br \/>\nTipo de navegador del usuario<br \/>\nTipo de sistema operativo del usuario<br \/>\nFecha y hora del inicio y final de una sesi\u00f3n de un usuario<br \/>\nP\u00e1ginas web visitadas por un usuario<br \/>\nB\u00fasquedas realizadas por un usuario<br \/>\nPublicidad revisada por un usuario<br \/>\nListas y h\u00e1bitos de consumo en p\u00e1ginas de compras<\/p>\n<p style=\"text-align: justify;\"><strong>\u00bfC\u00f3mo puede conocer los cambios en este aviso de privacidad?<\/strong><\/p>\n<p style=\"text-align: justify;\">El presente aviso de privacidad puede sufrir modificaciones, cambios o actualizaciones derivadas de nuevos requerimientos legales; de nuestras propias necesidades por los productos o servicios que ofrecemos; de nuestras pr\u00e1cticas de privacidad; de cambios en nuestro modelo de negocio, o por otras causas.<\/p>\n<p style=\"text-align: justify;\">Nos comprometemos a mantenerlo informado sobre los cambios que pueda sufrir el presente aviso de privacidad, a trav\u00e9s de: <a href=\"mailto:contacto@yei.tours\">contacto@yei.tours<\/a>.<\/p>\n<p style=\"text-align: justify;\">El procedimiento a trav\u00e9s del cual se llevar\u00e1n a cabo las notificaciones sobre cambios o actualizaciones al presente aviso de privacidad es el siguiente:<br \/>\n<a href=\"mailto:contacto@yei.tours\">contacto@yei.tours<\/a> y <a href=\"https:\/\/yei.tours\">https:\/\/yei.tours<\/a><\/p>\n<p style=\"text-align: justify;\">\u00daltima actualizaci\u00f3n: 18\/05\/2023<\/p>\n<h6 style=\"text-align: justify;\"><\/h6>\n","protected":false},"excerpt":{"rendered":"<p>AVISO DE PRIVACIDAD Rodrigo Rosales Ruano, mejor conocido como Yei Tours, con domicilio en calle Nicol\u00e1s Le\u00f3n 101, colonia Las Camelinas, ciudad Morelia, municipio o delegaci\u00f3n Morelia, c.p. 58290, en la entidad de Michoac\u00e1n, pa\u00eds M\u00e9xico, y portal de internet https:\/\/yei.tours\/, es el responsable del uso y protecci\u00f3n de sus datos personales, y al respecto<a class=\"more-link\" href=\"https:\/\/yei.tours\/en_en\/aviso-de-privacidad\/\">Read more \u27f6<\/a><\/p>","protected":false},"author":1,"featured_media":0,"parent":0,"menu_order":0,"comment_status":"closed","ping_status":"closed","template":"","meta":{"_crdt_document":"","_monsterinsights_skip_tracking":false,"_monsterinsights_sitenote_active":false,"_monsterinsights_sitenote_note":"","_monsterinsights_sitenote_category":0,"_themeisle_gutenberg_block_has_review":false,"footnotes":""},"folder":[],"class_list":["post-3","page","type-page","status-publish","hentry"],"yoast_head":"<!-- This site is optimized with the Yoast SEO plugin v27.4 - https:\/\/yoast.com\/product\/yoast-seo-wordpress\/ -->\n<title>Aviso de Privacidad - Yei!<\/title>\n<meta name=\"robots\" content=\"index, follow, max-snippet:-1, max-image-preview:large, max-video-preview:-1\" \/>\n<link rel=\"canonical\" href=\"https:\/\/yei.tours\/en_en\/aviso-de-privacidad\/\" \/>\n<meta property=\"og:locale\" content=\"en_GB\" \/>\n<meta property=\"og:type\" content=\"article\" \/>\n<meta property=\"og:title\" content=\"Aviso de Privacidad - Yei!\" \/>\n<meta property=\"og:description\" content=\"AVISO DE PRIVACIDAD Rodrigo Rosales Ruano, mejor conocido como Yei Tours, con domicilio en calle Nicol\u00e1s Le\u00f3n 101, colonia Las Camelinas, ciudad Morelia, municipio o delegaci\u00f3n Morelia, c.p. 58290, en la entidad de Michoac\u00e1n, pa\u00eds M\u00e9xico, y portal de internet https:\/\/yei.tours\/, es el responsable del uso y protecci\u00f3n de sus datos personales, y al respectoRead more \u27f6\" \/>\n<meta property=\"og:url\" content=\"https:\/\/yei.tours\/en_en\/aviso-de-privacidad\/\" \/>\n<meta property=\"og:site_name\" content=\"Yei!\" \/>\n<meta property=\"article:publisher\" content=\"https:\/\/www.facebook.com\/YeiTours\/\" \/>\n<meta property=\"article:modified_time\" content=\"2023-06-08T00:00:38+00:00\" \/>\n<meta name=\"twitter:card\" content=\"summary_large_image\" \/>\n<meta name=\"twitter:site\" content=\"@YeiTours\" \/>\n<meta name=\"twitter:label1\" content=\"Estimated reading time\" \/>\n\t<meta name=\"twitter:data1\" content=\"5 minutes\" \/>\n<script type=\"application\/ld+json\" class=\"yoast-schema-graph\">{\"@context\":\"https:\\\/\\\/schema.org\",\"@graph\":[{\"@type\":\"WebPage\",\"@id\":\"https:\\\/\\\/yei.tours\\\/aviso-de-privacidad\\\/\",\"url\":\"https:\\\/\\\/yei.tours\\\/aviso-de-privacidad\\\/\",\"name\":\"Aviso de Privacidad - Yei!\",\"isPartOf\":{\"@id\":\"https:\\\/\\\/yei.tours\\\/#website\"},\"datePublished\":\"2018-06-14T05:49:41+00:00\",\"dateModified\":\"2023-06-08T00:00:38+00:00\",\"breadcrumb\":{\"@id\":\"https:\\\/\\\/yei.tours\\\/aviso-de-privacidad\\\/#breadcrumb\"},\"inLanguage\":\"en-GB\",\"potentialAction\":[{\"@type\":\"ReadAction\",\"target\":[\"https:\\\/\\\/yei.tours\\\/aviso-de-privacidad\\\/\"]}]},{\"@type\":\"BreadcrumbList\",\"@id\":\"https:\\\/\\\/yei.tours\\\/aviso-de-privacidad\\\/#breadcrumb\",\"itemListElement\":[{\"@type\":\"ListItem\",\"position\":1,\"name\":\"Inicio\",\"item\":\"https:\\\/\\\/yei.tours\\\/\"},{\"@type\":\"ListItem\",\"position\":2,\"name\":\"Aviso de Privacidad\"}]},{\"@type\":\"WebSite\",\"@id\":\"https:\\\/\\\/yei.tours\\\/#website\",\"url\":\"https:\\\/\\\/yei.tours\\\/\",\"name\":\"Yei!\",\"description\":\"\",\"publisher\":{\"@id\":\"https:\\\/\\\/yei.tours\\\/#organization\"},\"potentialAction\":[{\"@type\":\"SearchAction\",\"target\":{\"@type\":\"EntryPoint\",\"urlTemplate\":\"https:\\\/\\\/yei.tours\\\/?s={search_term_string}\"},\"query-input\":{\"@type\":\"PropertyValueSpecification\",\"valueRequired\":true,\"valueName\":\"search_term_string\"}}],\"inLanguage\":\"en-GB\"},{\"@type\":\"Organization\",\"@id\":\"https:\\\/\\\/yei.tours\\\/#organization\",\"name\":\"Yei Tours\",\"url\":\"https:\\\/\\\/yei.tours\\\/\",\"logo\":{\"@type\":\"ImageObject\",\"inLanguage\":\"en-GB\",\"@id\":\"https:\\\/\\\/yei.tours\\\/#\\\/schema\\\/logo\\\/image\\\/\",\"url\":\"https:\\\/\\\/yei.tours\\\/wp-content\\\/uploads\\\/2018\\\/08\\\/cropped-Web-Logo.png\",\"contentUrl\":\"https:\\\/\\\/yei.tours\\\/wp-content\\\/uploads\\\/2018\\\/08\\\/cropped-Web-Logo.png\",\"width\":94,\"height\":50,\"caption\":\"Yei Tours\"},\"image\":{\"@id\":\"https:\\\/\\\/yei.tours\\\/#\\\/schema\\\/logo\\\/image\\\/\"},\"sameAs\":[\"https:\\\/\\\/www.facebook.com\\\/YeiTours\\\/\",\"https:\\\/\\\/x.com\\\/YeiTours\",\"https:\\\/\\\/www.instagram.com\\\/yeitours\\\/\"]}]}<\/script>\n<!-- \/ Yoast SEO plugin. -->","yoast_head_json":{"title":"Aviso de Privacidad - Yei!","robots":{"index":"index","follow":"follow","max-snippet":"max-snippet:-1","max-image-preview":"max-image-preview:large","max-video-preview":"max-video-preview:-1"},"canonical":"https:\/\/yei.tours\/en_en\/aviso-de-privacidad\/","og_locale":"en_GB","og_type":"article","og_title":"Aviso de Privacidad - Yei!","og_description":"AVISO DE PRIVACIDAD Rodrigo Rosales Ruano, mejor conocido como Yei Tours, con domicilio en calle Nicol\u00e1s Le\u00f3n 101, colonia Las Camelinas, ciudad Morelia, municipio o delegaci\u00f3n Morelia, c.p. 58290, en la entidad de Michoac\u00e1n, pa\u00eds M\u00e9xico, y portal de internet https:\/\/yei.tours\/, es el responsable del uso y protecci\u00f3n de sus datos personales, y al respectoRead more \u27f6","og_url":"https:\/\/yei.tours\/en_en\/aviso-de-privacidad\/","og_site_name":"Yei!","article_publisher":"https:\/\/www.facebook.com\/YeiTours\/","article_modified_time":"2023-06-08T00:00:38+00:00","twitter_card":"summary_large_image","twitter_site":"@YeiTours","twitter_misc":{"Estimated reading time":"5 minutes"},"schema":{"@context":"https:\/\/schema.org","@graph":[{"@type":"WebPage","@id":"https:\/\/yei.tours\/aviso-de-privacidad\/","url":"https:\/\/yei.tours\/aviso-de-privacidad\/","name":"Aviso de Privacidad - Yei!","isPartOf":{"@id":"https:\/\/yei.tours\/#website"},"datePublished":"2018-06-14T05:49:41+00:00","dateModified":"2023-06-08T00:00:38+00:00","breadcrumb":{"@id":"https:\/\/yei.tours\/aviso-de-privacidad\/#breadcrumb"},"inLanguage":"en-GB","potentialAction":[{"@type":"ReadAction","target":["https:\/\/yei.tours\/aviso-de-privacidad\/"]}]},{"@type":"BreadcrumbList","@id":"https:\/\/yei.tours\/aviso-de-privacidad\/#breadcrumb","itemListElement":[{"@type":"ListItem","position":1,"name":"Inicio","item":"https:\/\/yei.tours\/"},{"@type":"ListItem","position":2,"name":"Aviso de Privacidad"}]},{"@type":"WebSite","@id":"https:\/\/yei.tours\/#website","url":"https:\/\/yei.tours\/","name":"Yei!","description":"","publisher":{"@id":"https:\/\/yei.tours\/#organization"},"potentialAction":[{"@type":"SearchAction","target":{"@type":"EntryPoint","urlTemplate":"https:\/\/yei.tours\/?s={search_term_string}"},"query-input":{"@type":"PropertyValueSpecification","valueRequired":true,"valueName":"search_term_string"}}],"inLanguage":"en-GB"},{"@type":"Organization","@id":"https:\/\/yei.tours\/#organization","name":"Yei Tours","url":"https:\/\/yei.tours\/","logo":{"@type":"ImageObject","inLanguage":"en-GB","@id":"https:\/\/yei.tours\/#\/schema\/logo\/image\/","url":"https:\/\/yei.tours\/wp-content\/uploads\/2018\/08\/cropped-Web-Logo.png","contentUrl":"https:\/\/yei.tours\/wp-content\/uploads\/2018\/08\/cropped-Web-Logo.png","width":94,"height":50,"caption":"Yei Tours"},"image":{"@id":"https:\/\/yei.tours\/#\/schema\/logo\/image\/"},"sameAs":["https:\/\/www.facebook.com\/YeiTours\/","https:\/\/x.com\/YeiTours","https:\/\/www.instagram.com\/yeitours\/"]}]}},"_links":{"self":[{"href":"https:\/\/yei.tours\/en_en\/wp-json\/wp\/v2\/pages\/3","targetHints":{"allow":["GET"]}}],"collection":[{"href":"https:\/\/yei.tours\/en_en\/wp-json\/wp\/v2\/pages"}],"about":[{"href":"https:\/\/yei.tours\/en_en\/wp-json\/wp\/v2\/types\/page"}],"author":[{"embeddable":true,"href":"https:\/\/yei.tours\/en_en\/wp-json\/wp\/v2\/users\/1"}],"replies":[{"embeddable":true,"href":"https:\/\/yei.tours\/en_en\/wp-json\/wp\/v2\/comments?post=3"}],"version-history":[{"count":5,"href":"https:\/\/yei.tours\/en_en\/wp-json\/wp\/v2\/pages\/3\/revisions"}],"predecessor-version":[{"id":14988,"href":"https:\/\/yei.tours\/en_en\/wp-json\/wp\/v2\/pages\/3\/revisions\/14988"}],"wp:attachment":[{"href":"https:\/\/yei.tours\/en_en\/wp-json\/wp\/v2\/media?parent=3"}],"wp:term":[{"taxonomy":"folder","embeddable":true,"href":"https:\/\/yei.tours\/en_en\/wp-json\/wp\/v2\/folder?post=3"}],"curies":[{"name":"wp","href":"https:\/\/api.w.org\/{rel}","templated":true}]}}