{"id":14210,"date":"2023-05-29T13:45:51","date_gmt":"2023-05-29T18:45:51","guid":{"rendered":"https:\/\/yei.tours\/?post_type=product&#038;p=14210"},"modified":"2025-12-30T09:09:17","modified_gmt":"2025-12-30T15:09:17","slug":"monarca","status":"publish","type":"product","link":"https:\/\/yei.tours\/en_en\/product\/monarca\/","title":{"rendered":"MONARCH BUTTERFLY"},"content":{"rendered":"<h3 style=\"text-align: justify;\">MONARCH BUTTERFLY PRIVATE TOUR<\/h3>\n<h3 style=\"text-align: justify;\">DEPARTURES FROM MORELIA<\/h3>\n<p style=\"text-align: justify;\">Enjoy a private tour to the Monarch Butterfly Reserve and discover how one of Mexico\u2019s natural wonders rests in a dreamlike land. Let this natural spectacle and its breathtaking landscapes leave you in awe and create memories that will last a lifetime.<\/p>\n<p style=\"text-align: justify;\">You will be accompanied by a certified guide specialized in environmental interpretation and ecotourism, who will explain in detail the process the monarch butterfly undergoes to reach the pine and oyamel forests in Michoac\u00e1n.<\/p>\n<p style=\"text-align: justify;\">Depart early and avoid large crowds. Observe and enjoy the different behaviors of the monarch butterflies at their refuge, from their awakening in clusters hanging from the trees to their flight as they warm up in the sunlight*.<\/p>\n<p style=\"text-align: justify;\"><em><span style=\"font-size: 0.8em;\">*Please note that butterfly activity depends on factors such as temperature and favorable weather conditions for flight. In case of rain or snow, the tour may be cancelled or postponed by the company prior to departure, without any penalty for travelers or the company. In such cases, the reservation holder will be contacted to reschedule or request a refund.<\/span><\/em><\/p>\n<p>&nbsp;<\/p>\n<p>TO CONSIDER<\/p>\n<p><img loading=\"lazy\" decoding=\"async\" class=\"alignnone wp-image-14133\" src=\"https:\/\/yei.tours\/wp-content\/uploads\/2023\/05\/altitude.png\" alt=\"\" width=\"50\" height=\"50\" srcset=\"https:\/\/yei.tours\/wp-content\/uploads\/2023\/05\/altitude.png 100w, https:\/\/yei.tours\/wp-content\/uploads\/2023\/05\/altitude-12x12.png 12w, https:\/\/yei.tours\/wp-content\/uploads\/2023\/05\/altitude-30x30.png 30w\" sizes=\"auto, (max-width: 50px) 100vw, 50px\" \/> Altitude 11,000 ft\/3,300 m a.s.l.<\/p>\n<p><img loading=\"lazy\" decoding=\"async\" class=\"alignnone wp-image-14135\" src=\"https:\/\/yei.tours\/wp-content\/uploads\/2023\/05\/hiking.png\" alt=\"\" width=\"50\" height=\"50\" srcset=\"https:\/\/yei.tours\/wp-content\/uploads\/2023\/05\/hiking.png 512w, https:\/\/yei.tours\/wp-content\/uploads\/2023\/05\/hiking-300x300.png 300w, https:\/\/yei.tours\/wp-content\/uploads\/2023\/05\/hiking-150x150.png 150w, https:\/\/yei.tours\/wp-content\/uploads\/2023\/05\/hiking-12x12.png 12w, https:\/\/yei.tours\/wp-content\/uploads\/2023\/05\/hiking-30x30.png 30w, https:\/\/yei.tours\/wp-content\/uploads\/2023\/05\/hiking-500x500.png 500w, https:\/\/yei.tours\/wp-content\/uploads\/2023\/05\/hiking-480x480.png 480w, https:\/\/yei.tours\/wp-content\/uploads\/2023\/05\/hiking-100x100.png 100w\" sizes=\"auto, (max-width: 50px) 100vw, 50px\" \/>\u00a0 Irregular paths<\/p>\n<p><img loading=\"lazy\" decoding=\"async\" class=\"alignnone wp-image-14136\" src=\"https:\/\/yei.tours\/wp-content\/uploads\/2023\/05\/No-silla.png\" alt=\"\" width=\"50\" height=\"50\" srcset=\"https:\/\/yei.tours\/wp-content\/uploads\/2023\/05\/No-silla.png 500w, https:\/\/yei.tours\/wp-content\/uploads\/2023\/05\/No-silla-300x300.png 300w, https:\/\/yei.tours\/wp-content\/uploads\/2023\/05\/No-silla-150x150.png 150w, https:\/\/yei.tours\/wp-content\/uploads\/2023\/05\/No-silla-12x12.png 12w, https:\/\/yei.tours\/wp-content\/uploads\/2023\/05\/No-silla-30x30.png 30w, https:\/\/yei.tours\/wp-content\/uploads\/2023\/05\/No-silla-480x480.png 480w, https:\/\/yei.tours\/wp-content\/uploads\/2023\/05\/No-silla-100x100.png 100w\" sizes=\"auto, (max-width: 50px) 100vw, 50px\" \/>\u00a0 Non accessible<\/p>\n<p>&nbsp;<\/p>\n<p>RESTRICTIONS<\/p>\n<p><img loading=\"lazy\" decoding=\"async\" class=\"alignnone wp-image-14111\" src=\"https:\/\/yei.tours\/wp-content\/uploads\/2023\/05\/smoking.png\" alt=\"\" width=\"50\" height=\"50\" srcset=\"https:\/\/yei.tours\/wp-content\/uploads\/2023\/05\/smoking.png 100w, https:\/\/yei.tours\/wp-content\/uploads\/2023\/05\/smoking-12x12.png 12w, https:\/\/yei.tours\/wp-content\/uploads\/2023\/05\/smoking-30x30.png 30w\" sizes=\"auto, (max-width: 50px) 100vw, 50px\" \/>\u00a0 \u00a0 \u00a0 \u00a0 \u00a0 <img loading=\"lazy\" decoding=\"async\" class=\"alignnone wp-image-14112\" src=\"https:\/\/yei.tours\/wp-content\/uploads\/2023\/05\/drone.png\" alt=\"\" width=\"50\" height=\"50\" srcset=\"https:\/\/yei.tours\/wp-content\/uploads\/2023\/05\/drone.png 100w, https:\/\/yei.tours\/wp-content\/uploads\/2023\/05\/drone-12x12.png 12w, https:\/\/yei.tours\/wp-content\/uploads\/2023\/05\/drone-30x30.png 30w\" sizes=\"auto, (max-width: 50px) 100vw, 50px\" \/>\u00a0 \u00a0 \u00a0 \u00a0 \u00a0<img loading=\"lazy\" decoding=\"async\" class=\"alignnone wp-image-14108\" src=\"https:\/\/yei.tours\/wp-content\/uploads\/2023\/05\/pets-allowed.png\" alt=\"\" width=\"50\" height=\"50\" srcset=\"https:\/\/yei.tours\/wp-content\/uploads\/2023\/05\/pets-allowed.png 100w, https:\/\/yei.tours\/wp-content\/uploads\/2023\/05\/pets-allowed-12x12.png 12w, https:\/\/yei.tours\/wp-content\/uploads\/2023\/05\/pets-allowed-30x30.png 30w\" sizes=\"auto, (max-width: 50px) 100vw, 50px\" \/><br \/>\nNo Smoking No Drones No Pets<br \/>\n<img loading=\"lazy\" decoding=\"async\" class=\"alignnone wp-image-14110\" src=\"https:\/\/yei.tours\/wp-content\/uploads\/2023\/05\/no-shouting.png\" alt=\"\" width=\"50\" height=\"50\" srcset=\"https:\/\/yei.tours\/wp-content\/uploads\/2023\/05\/no-shouting.png 100w, https:\/\/yei.tours\/wp-content\/uploads\/2023\/05\/no-shouting-12x12.png 12w, https:\/\/yei.tours\/wp-content\/uploads\/2023\/05\/no-shouting-30x30.png 30w\" sizes=\"auto, (max-width: 50px) 100vw, 50px\" \/>\u00a0 \u00a0 \u00a0 \u00a0 \u00a0 <img loading=\"lazy\" decoding=\"async\" class=\"alignnone wp-image-14109\" src=\"https:\/\/yei.tours\/wp-content\/uploads\/2023\/05\/throwing-trash.png\" alt=\"\" width=\"50\" height=\"50\" srcset=\"https:\/\/yei.tours\/wp-content\/uploads\/2023\/05\/throwing-trash.png 100w, https:\/\/yei.tours\/wp-content\/uploads\/2023\/05\/throwing-trash-12x12.png 12w, https:\/\/yei.tours\/wp-content\/uploads\/2023\/05\/throwing-trash-30x30.png 30w\" sizes=\"auto, (max-width: 50px) 100vw, 50px\" \/>\u00a0 \u00a0 \u00a0 \u00a0 \u00a0 \u00a0<img loading=\"lazy\" decoding=\"async\" class=\"alignnone wp-image-14107\" src=\"https:\/\/yei.tours\/wp-content\/uploads\/2023\/05\/bug-spray.png\" alt=\"\" width=\"50\" height=\"50\" srcset=\"https:\/\/yei.tours\/wp-content\/uploads\/2023\/05\/bug-spray.png 100w, https:\/\/yei.tours\/wp-content\/uploads\/2023\/05\/bug-spray-12x12.png 12w, https:\/\/yei.tours\/wp-content\/uploads\/2023\/05\/bug-spray-30x30.png 30w\" sizes=\"auto, (max-width: 50px) 100vw, 50px\" \/><br \/>\nBe Quiet  No Littering  No Bug Spray<\/p>","protected":false},"excerpt":{"rendered":"<h3><b>[language-switcher]<\/b><\/h3>\n<p><strong>TOUR PRIVADO<\/strong><\/p>\n<p style=\"text-align: right;\"><img loading=\"lazy\" decoding=\"async\" class=\"wp-image-14139 aligncenter\" src=\"https:\/\/yei.tours\/wp-content\/uploads\/2023\/05\/1mexnewk.png\" alt=\"\" width=\"200\" height=\"200\" srcset=\"https:\/\/yei.tours\/wp-content\/uploads\/2023\/05\/1mexnewk.png 1000w, https:\/\/yei.tours\/wp-content\/uploads\/2023\/05\/1mexnewk-300x300.png 300w, https:\/\/yei.tours\/wp-content\/uploads\/2023\/05\/1mexnewk-150x150.png 150w, https:\/\/yei.tours\/wp-content\/uploads\/2023\/05\/1mexnewk-768x768.png 768w, https:\/\/yei.tours\/wp-content\/uploads\/2023\/05\/1mexnewk-12x12.png 12w, https:\/\/yei.tours\/wp-content\/uploads\/2023\/05\/1mexnewk-30x30.png 30w, https:\/\/yei.tours\/wp-content\/uploads\/2023\/05\/1mexnewk-500x500.png 500w, https:\/\/yei.tours\/wp-content\/uploads\/2023\/05\/1mexnewk-960x960.png 960w, https:\/\/yei.tours\/wp-content\/uploads\/2023\/05\/1mexnewk-640x640.png 640w, https:\/\/yei.tours\/wp-content\/uploads\/2023\/05\/1mexnewk-480x480.png 480w, https:\/\/yei.tours\/wp-content\/uploads\/2023\/05\/1mexnewk-600x600.png 600w, https:\/\/yei.tours\/wp-content\/uploads\/2023\/05\/1mexnewk-100x100.png 100w\" sizes=\"auto, (max-width: 200px) 100vw, 200px\" \/><\/p>\n<p><img loading=\"lazy\" decoding=\"async\" class=\"alignnone wp-image-14119\" src=\"https:\/\/yei.tours\/wp-content\/uploads\/2023\/05\/sun.png\" alt=\"\" width=\"40\" height=\"40\" srcset=\"https:\/\/yei.tours\/wp-content\/uploads\/2023\/05\/sun.png 100w, https:\/\/yei.tours\/wp-content\/uploads\/2023\/05\/sun-12x12.png 12w, https:\/\/yei.tours\/wp-content\/uploads\/2023\/05\/sun-30x30.png 30w\" sizes=\"auto, (max-width: 40px) 100vw, 40px\" \/> \u00a0<strong><em>Salida<\/em><\/strong> 6:30 am<br \/>\n<img loading=\"lazy\" decoding=\"async\" class=\"alignnone wp-image-14103\" src=\"https:\/\/yei.tours\/wp-content\/uploads\/2023\/05\/time.png\" alt=\"\" width=\"40\" height=\"40\" srcset=\"https:\/\/yei.tours\/wp-content\/uploads\/2023\/05\/time.png 100w, https:\/\/yei.tours\/wp-content\/uploads\/2023\/05\/time-12x12.png 12w, https:\/\/yei.tours\/wp-content\/uploads\/2023\/05\/time-30x30.png 30w\" sizes=\"auto, (max-width: 40px) 100vw, 40px\" \/>\u00a0 <strong><em>Regreso<\/em><\/strong>\u00a03:00 pm<\/p>\n<p>&nbsp;<\/p>\n<p>INCLUYE<\/p>\n<p><img loading=\"lazy\" decoding=\"async\" class=\"alignnone wp-image-14129\" src=\"https:\/\/yei.tours\/wp-content\/uploads\/2023\/05\/tour-guide.png\" alt=\"\" width=\"25\" height=\"25\" srcset=\"https:\/\/yei.tours\/wp-content\/uploads\/2023\/05\/tour-guide.png 100w, https:\/\/yei.tours\/wp-content\/uploads\/2023\/05\/tour-guide-12x12.png 12w, https:\/\/yei.tours\/wp-content\/uploads\/2023\/05\/tour-guide-30x30.png 30w\" sizes=\"auto, (max-width: 25px) 100vw, 25px\" \/>\u00a0 \u00a0 Gu\u00eda certificado privado<br \/>\n<img loading=\"lazy\" decoding=\"async\" class=\"alignnone wp-image-14123\" src=\"https:\/\/yei.tours\/wp-content\/uploads\/2023\/05\/mini-van.png\" alt=\"\" width=\"25\" height=\"25\" srcset=\"https:\/\/yei.tours\/wp-content\/uploads\/2023\/05\/mini-van.png 100w, https:\/\/yei.tours\/wp-content\/uploads\/2023\/05\/mini-van-12x12.png 12w, https:\/\/yei.tours\/wp-content\/uploads\/2023\/05\/mini-van-30x30.png 30w\" sizes=\"auto, (max-width: 25px) 100vw, 25px\" \/>\u00a0 \u00a0 Transporte redondo<br \/>\n<img loading=\"lazy\" decoding=\"async\" class=\"alignnone wp-image-14124\" src=\"https:\/\/yei.tours\/wp-content\/uploads\/2023\/05\/ticket-5.png\" alt=\"\" width=\"25\" height=\"25\" srcset=\"https:\/\/yei.tours\/wp-content\/uploads\/2023\/05\/ticket-5.png 100w, https:\/\/yei.tours\/wp-content\/uploads\/2023\/05\/ticket-5-12x12.png 12w, https:\/\/yei.tours\/wp-content\/uploads\/2023\/05\/ticket-5-30x30.png 30w\" sizes=\"auto, (max-width: 25px) 100vw, 25px\" \/>\u00a0 \u00a0 \u00a0Entradas<br \/>\n<img loading=\"lazy\" decoding=\"async\" class=\"alignnone wp-image-14125\" src=\"https:\/\/yei.tours\/wp-content\/uploads\/2023\/05\/take-away-1.png\" alt=\"\" width=\"25\" height=\"25\" srcset=\"https:\/\/yei.tours\/wp-content\/uploads\/2023\/05\/take-away-1.png 100w, https:\/\/yei.tours\/wp-content\/uploads\/2023\/05\/take-away-1-12x12.png 12w, https:\/\/yei.tours\/wp-content\/uploads\/2023\/05\/take-away-1-30x30.png 30w\" sizes=\"auto, (max-width: 25px) 100vw, 25px\" \/>\u00a0 \u00a0 \u00a0Box Lunch<br \/>\n<img loading=\"lazy\" decoding=\"async\" class=\"alignnone wp-image-14117\" src=\"https:\/\/yei.tours\/wp-content\/uploads\/2023\/05\/water-bottle.png\" alt=\"\" width=\"25\" height=\"25\" srcset=\"https:\/\/yei.tours\/wp-content\/uploads\/2023\/05\/water-bottle.png 100w, https:\/\/yei.tours\/wp-content\/uploads\/2023\/05\/water-bottle-12x12.png 12w, https:\/\/yei.tours\/wp-content\/uploads\/2023\/05\/water-bottle-30x30.png 30w\" sizes=\"auto, (max-width: 25px) 100vw, 25px\" \/>\u00a0 \u00a0 \u00a0Bebidas Refrescantes<br \/>\n<img loading=\"lazy\" decoding=\"async\" class=\"alignnone wp-image-14122\" src=\"https:\/\/yei.tours\/wp-content\/uploads\/2023\/05\/nature.png\" alt=\"\" width=\"25\" height=\"25\" srcset=\"https:\/\/yei.tours\/wp-content\/uploads\/2023\/05\/nature.png 100w, https:\/\/yei.tours\/wp-content\/uploads\/2023\/05\/nature-12x12.png 12w, https:\/\/yei.tours\/wp-content\/uploads\/2023\/05\/nature-30x30.png 30w\" sizes=\"auto, (max-width: 25px) 100vw, 25px\" \/>\u00a0 \u00a0 \u00a0Visita a reserva natural o parque nacional<br \/>\n<img loading=\"lazy\" decoding=\"async\" class=\"alignnone wp-image-14120\" src=\"https:\/\/yei.tours\/wp-content\/uploads\/2023\/05\/butterfly.png\" alt=\"\" width=\"25\" height=\"25\" srcset=\"https:\/\/yei.tours\/wp-content\/uploads\/2023\/05\/butterfly.png 100w, https:\/\/yei.tours\/wp-content\/uploads\/2023\/05\/butterfly-12x12.png 12w, https:\/\/yei.tours\/wp-content\/uploads\/2023\/05\/butterfly-30x30.png 30w\" sizes=\"auto, (max-width: 25px) 100vw, 25px\" \/>\u00a0 \u00a0 \u00a0Visita a santuario &#8220;Sierra Chincua&#8221;<br \/>\n<img loading=\"lazy\" decoding=\"async\" class=\"alignnone wp-image-14115\" src=\"https:\/\/yei.tours\/wp-content\/uploads\/2023\/05\/1391879276689589425world-heritage-no-text-high-tol-md.png\" alt=\"\" width=\"25\" height=\"25\" srcset=\"https:\/\/yei.tours\/wp-content\/uploads\/2023\/05\/1391879276689589425world-heritage-no-text-high-tol-md.png 100w, https:\/\/yei.tours\/wp-content\/uploads\/2023\/05\/1391879276689589425world-heritage-no-text-high-tol-md-12x12.png 12w, https:\/\/yei.tours\/wp-content\/uploads\/2023\/05\/1391879276689589425world-heritage-no-text-high-tol-md-30x30.png 30w\" sizes=\"auto, (max-width: 25px) 100vw, 25px\" \/>\u00a0 \u00a0 \u00a0Visita a sitio UNESCO<\/p>\n<p>&nbsp;<\/p>\n<p>SUGERIMOS<\/p>\n<p><img loading=\"lazy\" decoding=\"async\" class=\"alignnone wp-image-14132\" src=\"https:\/\/yei.tours\/wp-content\/uploads\/2023\/05\/ropa.png\" alt=\"\" width=\"35\" height=\"35\" srcset=\"https:\/\/yei.tours\/wp-content\/uploads\/2023\/05\/ropa.png 501w, https:\/\/yei.tours\/wp-content\/uploads\/2023\/05\/ropa-300x300.png 300w, https:\/\/yei.tours\/wp-content\/uploads\/2023\/05\/ropa-150x150.png 150w, https:\/\/yei.tours\/wp-content\/uploads\/2023\/05\/ropa-12x12.png 12w, https:\/\/yei.tours\/wp-content\/uploads\/2023\/05\/ropa-30x30.png 30w, https:\/\/yei.tours\/wp-content\/uploads\/2023\/05\/ropa-480x480.png 480w, https:\/\/yei.tours\/wp-content\/uploads\/2023\/05\/ropa-100x100.png 100w\" sizes=\"auto, (max-width: 35px) 100vw, 35px\" \/>\u00a0 \u00a0Ropa abrigadora y zapatos c\u00f3modos<br \/>\n<img loading=\"lazy\" decoding=\"async\" class=\"alignnone wp-image-14106\" src=\"https:\/\/yei.tours\/wp-content\/uploads\/2023\/05\/binoculars.png\" alt=\"\" width=\"35\" height=\"35\" srcset=\"https:\/\/yei.tours\/wp-content\/uploads\/2023\/05\/binoculars.png 100w, https:\/\/yei.tours\/wp-content\/uploads\/2023\/05\/binoculars-12x12.png 12w, https:\/\/yei.tours\/wp-content\/uploads\/2023\/05\/binoculars-30x30.png 30w\" sizes=\"auto, (max-width: 35px) 100vw, 35px\" \/>\u00a0 \u00a0Uso de binoculares<br \/>\n<img loading=\"lazy\" decoding=\"async\" class=\"alignnone wp-image-14104\" src=\"https:\/\/yei.tours\/wp-content\/uploads\/2023\/05\/trekking-pole.png\" alt=\"\" width=\"35\" height=\"35\" srcset=\"https:\/\/yei.tours\/wp-content\/uploads\/2023\/05\/trekking-pole.png 100w, https:\/\/yei.tours\/wp-content\/uploads\/2023\/05\/trekking-pole-12x12.png 12w, https:\/\/yei.tours\/wp-content\/uploads\/2023\/05\/trekking-pole-30x30.png 30w\" sizes=\"auto, (max-width: 35px) 100vw, 35px\" \/>\u00a0 \u00a0Uso de bastones de senderismo<br \/>\n<img loading=\"lazy\" decoding=\"async\" class=\"alignnone wp-image-14137\" src=\"https:\/\/yei.tours\/wp-content\/uploads\/2023\/05\/pay.png\" alt=\"\" width=\"25\" height=\"25\" srcset=\"https:\/\/yei.tours\/wp-content\/uploads\/2023\/05\/pay.png 512w, https:\/\/yei.tours\/wp-content\/uploads\/2023\/05\/pay-300x300.png 300w, https:\/\/yei.tours\/wp-content\/uploads\/2023\/05\/pay-150x150.png 150w, https:\/\/yei.tours\/wp-content\/uploads\/2023\/05\/pay-12x12.png 12w, https:\/\/yei.tours\/wp-content\/uploads\/2023\/05\/pay-30x30.png 30w, https:\/\/yei.tours\/wp-content\/uploads\/2023\/05\/pay-500x500.png 500w, https:\/\/yei.tours\/wp-content\/uploads\/2023\/05\/pay-480x480.png 480w, https:\/\/yei.tours\/wp-content\/uploads\/2023\/05\/pay-100x100.png 100w\" sizes=\"auto, (max-width: 25px) 100vw, 25px\" \/>\u00a0 \u00a0 \u00a0 Llevar efectivo para pagos de servicios<\/p>\n<p>&nbsp;<\/p>\n","protected":false},"featured_media":14159,"template":"","meta":{"_crdt_document":"","_monsterinsights_skip_tracking":false,"_monsterinsights_sitenote_active":false,"_monsterinsights_sitenote_note":"","_monsterinsights_sitenote_category":0,"_themeisle_gutenberg_block_has_review":false},"product_brand":[],"product_cat":[15],"product_tag":[348,351,342,341,357,356],"class_list":{"0":"post-14210","1":"product","2":"type-product","3":"status-publish","4":"has-post-thumbnail","6":"product_cat-todos","7":"product_tag-mariposa-monarca-morelia","8":"product_tag-michoacan-tours","9":"product_tag-monarchs_mexico","10":"product_tag-monarch_tours","11":"product_tag-tours-from-morelia","12":"product_tag-tours-in-morelia","13":"yith_product_brand-monarca","15":"first","16":"instock","17":"featured","18":"virtual","19":"sold-individually","20":"purchasable","21":"product-type-booking"},"yoast_head":"<!-- This site is optimized with the Yoast SEO plugin v27.4 - https:\/\/yoast.com\/product\/yoast-seo-wordpress\/ -->\n<title>MARIPOSA MONARCA - Yei!<\/title>\n<meta name=\"description\" content=\"El mejor tour a la mariposa monarca en M\u00e9xico. Tour privado con gu\u00eda acreditado. Vive la mejor experiencia y ll\u00e9vate recuerdos inolvidables.\" \/>\n<meta name=\"robots\" content=\"index, follow, max-snippet:-1, max-image-preview:large, max-video-preview:-1\" \/>\n<link rel=\"canonical\" href=\"https:\/\/yei.tours\/en_en\/product\/monarca\/\" \/>\n<meta property=\"og:locale\" content=\"en_GB\" \/>\n<meta property=\"og:type\" content=\"article\" \/>\n<meta property=\"og:title\" content=\"MARIPOSA MONARCA - Yei!\" \/>\n<meta property=\"og:description\" content=\"El mejor tour a la mariposa monarca en M\u00e9xico. Tour privado con gu\u00eda acreditado. Vive la mejor experiencia y ll\u00e9vate recuerdos inolvidables.\" \/>\n<meta property=\"og:url\" content=\"https:\/\/yei.tours\/en_en\/product\/monarca\/\" \/>\n<meta property=\"og:site_name\" content=\"Yei!\" \/>\n<meta property=\"article:publisher\" content=\"https:\/\/www.facebook.com\/YeiTours\/\" \/>\n<meta property=\"article:modified_time\" content=\"2025-12-30T15:09:17+00:00\" \/>\n<meta property=\"og:image\" content=\"https:\/\/yei.tours\/wp-content\/uploads\/2023\/05\/MONARCA-8-1.png\" \/>\n\t<meta property=\"og:image:width\" content=\"1200\" \/>\n\t<meta property=\"og:image:height\" content=\"797\" \/>\n\t<meta property=\"og:image:type\" content=\"image\/png\" \/>\n<meta name=\"twitter:card\" content=\"summary_large_image\" \/>\n<meta name=\"twitter:site\" content=\"@YeiTours\" \/>\n<meta name=\"twitter:label1\" content=\"Estimated reading time\" \/>\n\t<meta name=\"twitter:data1\" content=\"4 minutes\" \/>\n<script type=\"application\/ld+json\" class=\"yoast-schema-graph\">{\"@context\":\"https:\\\/\\\/schema.org\",\"@graph\":[{\"@type\":\"WebPage\",\"@id\":\"https:\\\/\\\/yei.tours\\\/producto\\\/monarca\\\/\",\"url\":\"https:\\\/\\\/yei.tours\\\/producto\\\/monarca\\\/\",\"name\":\"MARIPOSA MONARCA - Yei!\",\"isPartOf\":{\"@id\":\"https:\\\/\\\/yei.tours\\\/#website\"},\"primaryImageOfPage\":{\"@id\":\"https:\\\/\\\/yei.tours\\\/producto\\\/monarca\\\/#primaryimage\"},\"image\":{\"@id\":\"https:\\\/\\\/yei.tours\\\/producto\\\/monarca\\\/#primaryimage\"},\"thumbnailUrl\":\"https:\\\/\\\/yei.tours\\\/wp-content\\\/uploads\\\/2023\\\/05\\\/MONARCA-8-1.png\",\"datePublished\":\"2023-05-29T18:45:51+00:00\",\"dateModified\":\"2025-12-30T15:09:17+00:00\",\"description\":\"El mejor tour a la mariposa monarca en M\u00e9xico. Tour privado con gu\u00eda acreditado. Vive la mejor experiencia y ll\u00e9vate recuerdos inolvidables.\",\"breadcrumb\":{\"@id\":\"https:\\\/\\\/yei.tours\\\/producto\\\/monarca\\\/#breadcrumb\"},\"inLanguage\":\"en-GB\",\"potentialAction\":[{\"@type\":\"ReadAction\",\"target\":[\"https:\\\/\\\/yei.tours\\\/producto\\\/monarca\\\/\"]}]},{\"@type\":\"ImageObject\",\"inLanguage\":\"en-GB\",\"@id\":\"https:\\\/\\\/yei.tours\\\/producto\\\/monarca\\\/#primaryimage\",\"url\":\"https:\\\/\\\/yei.tours\\\/wp-content\\\/uploads\\\/2023\\\/05\\\/MONARCA-8-1.png\",\"contentUrl\":\"https:\\\/\\\/yei.tours\\\/wp-content\\\/uploads\\\/2023\\\/05\\\/MONARCA-8-1.png\",\"width\":1200,\"height\":797},{\"@type\":\"BreadcrumbList\",\"@id\":\"https:\\\/\\\/yei.tours\\\/producto\\\/monarca\\\/#breadcrumb\",\"itemListElement\":[{\"@type\":\"ListItem\",\"position\":1,\"name\":\"Inicio\",\"item\":\"https:\\\/\\\/yei.tours\\\/\"},{\"@type\":\"ListItem\",\"position\":2,\"name\":\"Tours\",\"item\":\"https:\\\/\\\/yei.tours\\\/tours\\\/\"},{\"@type\":\"ListItem\",\"position\":3,\"name\":\"MARIPOSA MONARCA\"}]},{\"@type\":\"WebSite\",\"@id\":\"https:\\\/\\\/yei.tours\\\/#website\",\"url\":\"https:\\\/\\\/yei.tours\\\/\",\"name\":\"Yei!\",\"description\":\"\",\"publisher\":{\"@id\":\"https:\\\/\\\/yei.tours\\\/#organization\"},\"potentialAction\":[{\"@type\":\"SearchAction\",\"target\":{\"@type\":\"EntryPoint\",\"urlTemplate\":\"https:\\\/\\\/yei.tours\\\/?s={search_term_string}\"},\"query-input\":{\"@type\":\"PropertyValueSpecification\",\"valueRequired\":true,\"valueName\":\"search_term_string\"}}],\"inLanguage\":\"en-GB\"},{\"@type\":\"Organization\",\"@id\":\"https:\\\/\\\/yei.tours\\\/#organization\",\"name\":\"Yei Tours\",\"url\":\"https:\\\/\\\/yei.tours\\\/\",\"logo\":{\"@type\":\"ImageObject\",\"inLanguage\":\"en-GB\",\"@id\":\"https:\\\/\\\/yei.tours\\\/#\\\/schema\\\/logo\\\/image\\\/\",\"url\":\"https:\\\/\\\/yei.tours\\\/wp-content\\\/uploads\\\/2018\\\/08\\\/cropped-Web-Logo.png\",\"contentUrl\":\"https:\\\/\\\/yei.tours\\\/wp-content\\\/uploads\\\/2018\\\/08\\\/cropped-Web-Logo.png\",\"width\":94,\"height\":50,\"caption\":\"Yei Tours\"},\"image\":{\"@id\":\"https:\\\/\\\/yei.tours\\\/#\\\/schema\\\/logo\\\/image\\\/\"},\"sameAs\":[\"https:\\\/\\\/www.facebook.com\\\/YeiTours\\\/\",\"https:\\\/\\\/x.com\\\/YeiTours\",\"https:\\\/\\\/www.instagram.com\\\/yeitours\\\/\"]}]}<\/script>\n<!-- \/ Yoast SEO plugin. -->","yoast_head_json":{"title":"MARIPOSA MONARCA - Yei!","description":"El mejor tour a la mariposa monarca en M\u00e9xico. Tour privado con gu\u00eda acreditado. Vive la mejor experiencia y ll\u00e9vate recuerdos inolvidables.","robots":{"index":"index","follow":"follow","max-snippet":"max-snippet:-1","max-image-preview":"max-image-preview:large","max-video-preview":"max-video-preview:-1"},"canonical":"https:\/\/yei.tours\/en_en\/product\/monarca\/","og_locale":"en_GB","og_type":"article","og_title":"MARIPOSA MONARCA - Yei!","og_description":"El mejor tour a la mariposa monarca en M\u00e9xico. Tour privado con gu\u00eda acreditado. Vive la mejor experiencia y ll\u00e9vate recuerdos inolvidables.","og_url":"https:\/\/yei.tours\/en_en\/product\/monarca\/","og_site_name":"Yei!","article_publisher":"https:\/\/www.facebook.com\/YeiTours\/","article_modified_time":"2025-12-30T15:09:17+00:00","og_image":[{"width":1200,"height":797,"url":"https:\/\/yei.tours\/wp-content\/uploads\/2023\/05\/MONARCA-8-1.png","type":"image\/png"}],"twitter_card":"summary_large_image","twitter_site":"@YeiTours","twitter_misc":{"Estimated reading time":"4 minutes"},"schema":{"@context":"https:\/\/schema.org","@graph":[{"@type":"WebPage","@id":"https:\/\/yei.tours\/producto\/monarca\/","url":"https:\/\/yei.tours\/producto\/monarca\/","name":"MARIPOSA MONARCA - Yei!","isPartOf":{"@id":"https:\/\/yei.tours\/#website"},"primaryImageOfPage":{"@id":"https:\/\/yei.tours\/producto\/monarca\/#primaryimage"},"image":{"@id":"https:\/\/yei.tours\/producto\/monarca\/#primaryimage"},"thumbnailUrl":"https:\/\/yei.tours\/wp-content\/uploads\/2023\/05\/MONARCA-8-1.png","datePublished":"2023-05-29T18:45:51+00:00","dateModified":"2025-12-30T15:09:17+00:00","description":"El mejor tour a la mariposa monarca en M\u00e9xico. Tour privado con gu\u00eda acreditado. Vive la mejor experiencia y ll\u00e9vate recuerdos inolvidables.","breadcrumb":{"@id":"https:\/\/yei.tours\/producto\/monarca\/#breadcrumb"},"inLanguage":"en-GB","potentialAction":[{"@type":"ReadAction","target":["https:\/\/yei.tours\/producto\/monarca\/"]}]},{"@type":"ImageObject","inLanguage":"en-GB","@id":"https:\/\/yei.tours\/producto\/monarca\/#primaryimage","url":"https:\/\/yei.tours\/wp-content\/uploads\/2023\/05\/MONARCA-8-1.png","contentUrl":"https:\/\/yei.tours\/wp-content\/uploads\/2023\/05\/MONARCA-8-1.png","width":1200,"height":797},{"@type":"BreadcrumbList","@id":"https:\/\/yei.tours\/producto\/monarca\/#breadcrumb","itemListElement":[{"@type":"ListItem","position":1,"name":"Inicio","item":"https:\/\/yei.tours\/"},{"@type":"ListItem","position":2,"name":"Tours","item":"https:\/\/yei.tours\/tours\/"},{"@type":"ListItem","position":3,"name":"MARIPOSA MONARCA"}]},{"@type":"WebSite","@id":"https:\/\/yei.tours\/#website","url":"https:\/\/yei.tours\/","name":"Yei!","description":"","publisher":{"@id":"https:\/\/yei.tours\/#organization"},"potentialAction":[{"@type":"SearchAction","target":{"@type":"EntryPoint","urlTemplate":"https:\/\/yei.tours\/?s={search_term_string}"},"query-input":{"@type":"PropertyValueSpecification","valueRequired":true,"valueName":"search_term_string"}}],"inLanguage":"en-GB"},{"@type":"Organization","@id":"https:\/\/yei.tours\/#organization","name":"Yei Tours","url":"https:\/\/yei.tours\/","logo":{"@type":"ImageObject","inLanguage":"en-GB","@id":"https:\/\/yei.tours\/#\/schema\/logo\/image\/","url":"https:\/\/yei.tours\/wp-content\/uploads\/2018\/08\/cropped-Web-Logo.png","contentUrl":"https:\/\/yei.tours\/wp-content\/uploads\/2018\/08\/cropped-Web-Logo.png","width":94,"height":50,"caption":"Yei Tours"},"image":{"@id":"https:\/\/yei.tours\/#\/schema\/logo\/image\/"},"sameAs":["https:\/\/www.facebook.com\/YeiTours\/","https:\/\/x.com\/YeiTours","https:\/\/www.instagram.com\/yeitours\/"]}]}},"_links":{"self":[{"href":"https:\/\/yei.tours\/en_en\/wp-json\/wp\/v2\/product\/14210","targetHints":{"allow":["GET"]}}],"collection":[{"href":"https:\/\/yei.tours\/en_en\/wp-json\/wp\/v2\/product"}],"about":[{"href":"https:\/\/yei.tours\/en_en\/wp-json\/wp\/v2\/types\/product"}],"wp:featuredmedia":[{"embeddable":true,"href":"https:\/\/yei.tours\/en_en\/wp-json\/wp\/v2\/media\/14159"}],"wp:attachment":[{"href":"https:\/\/yei.tours\/en_en\/wp-json\/wp\/v2\/media?parent=14210"}],"wp:term":[{"taxonomy":"product_brand","embeddable":true,"href":"https:\/\/yei.tours\/en_en\/wp-json\/wp\/v2\/product_brand?post=14210"},{"taxonomy":"product_cat","embeddable":true,"href":"https:\/\/yei.tours\/en_en\/wp-json\/wp\/v2\/product_cat?post=14210"},{"taxonomy":"product_tag","embeddable":true,"href":"https:\/\/yei.tours\/en_en\/wp-json\/wp\/v2\/product_tag?post=14210"}],"curies":[{"name":"wp","href":"https:\/\/api.w.org\/{rel}","templated":true}]}}