{"id":14372,"date":"2023-05-31T14:11:33","date_gmt":"2023-05-31T19:11:33","guid":{"rendered":"https:\/\/yei.tours\/?post_type=product&#038;p=14372"},"modified":"2025-12-02T11:10:52","modified_gmt":"2025-12-02T17:10:52","slug":"arq","status":"publish","type":"product","link":"https:\/\/yei.tours\/en_en\/product\/arq\/","title":{"rendered":"ARCHAEOLOGY TOUR"},"content":{"rendered":"<p>Un tour en donde podr\u00e1s visitar las principales zonas arqueol\u00f3gicas de Michoac\u00e1n y vivir la historia de sus antiguos ocupantes.<\/p>\n<p style=\"text-align: justify;\">Viaja en un tour lleno de historia y cultura antigua. Descubre como se desarrollaron las antiguas civilizaciones que habitaron la zona central de Michoac\u00e1n.<\/p>\n<p style=\"text-align: justify;\">Descubre un fascinante pasado en el centro ceremonial de Tingambato, visitando sus patios hundidos, su cancha de juego de pelota, sus entierros y sus pir\u00e1mides.<\/p>\n<p style=\"text-align: justify;\">Ad\u00e9ntrate en la historia del antiguo se\u00f1or\u00edo pur\u00e9pecha y conoce dos de sus legendarias capitales en Ihuatzio y Tzintzuntzan y descubre por que esta historia desconocida est\u00e1 llena de grandeza, haciendo de este antiguo se\u00f1or\u00edo, uno de los m\u00e1s grandes y poderosos que haya visto el pasado mexicano.<\/p>\n<p>&nbsp;<\/p>\n<p>Visiting:<\/p>\n<ul>\n<li>&#8220;Tinganio&#8221; zona arqueol\u00f3gica<em>\u00a0&#8211; <\/em>Tingambato, Mich.<\/li>\n<li class=\"translation-block\">Archaeological site of Ihuatzio - Ihuatzio, Mich.<\/li>\n<li>&#8220;Las Y\u00e1catas&#8221; zona arqueol\u00f3gica<em>\u00a0&#8211; <\/em>Tzintzuntzan, Mich.<\/li>\n<\/ul>\n<p>&nbsp;<\/p>\n<p>TO CONSIDER<\/p>\n<p><img loading=\"lazy\" decoding=\"async\" class=\"alignnone wp-image-14133\" src=\"https:\/\/yei.tours\/wp-content\/uploads\/2023\/05\/altitude.png\" alt=\"\" width=\"50\" height=\"50\" srcset=\"https:\/\/yei.tours\/wp-content\/uploads\/2023\/05\/altitude.png 100w, https:\/\/yei.tours\/wp-content\/uploads\/2023\/05\/altitude-12x12.png 12w, https:\/\/yei.tours\/wp-content\/uploads\/2023\/05\/altitude-30x30.png 30w\" sizes=\"auto, (max-width: 50px) 100vw, 50px\" \/> Altitude 6,500 ft\/2,000 m a.s.l<\/p>\n<p><img loading=\"lazy\" decoding=\"async\" class=\"alignnone wp-image-14136\" src=\"https:\/\/yei.tours\/wp-content\/uploads\/2023\/05\/No-silla.png\" alt=\"\" width=\"50\" height=\"50\" srcset=\"https:\/\/yei.tours\/wp-content\/uploads\/2023\/05\/No-silla.png 500w, https:\/\/yei.tours\/wp-content\/uploads\/2023\/05\/No-silla-300x300.png 300w, https:\/\/yei.tours\/wp-content\/uploads\/2023\/05\/No-silla-150x150.png 150w, https:\/\/yei.tours\/wp-content\/uploads\/2023\/05\/No-silla-12x12.png 12w, https:\/\/yei.tours\/wp-content\/uploads\/2023\/05\/No-silla-30x30.png 30w, https:\/\/yei.tours\/wp-content\/uploads\/2023\/05\/No-silla-480x480.png 480w, https:\/\/yei.tours\/wp-content\/uploads\/2023\/05\/No-silla-100x100.png 100w\" sizes=\"auto, (max-width: 50px) 100vw, 50px\" \/>\u00a0 Non accessible<\/p>\n<p>&nbsp;<\/p>\n<p>RESTRICTIONS<\/p>\n<p><img loading=\"lazy\" decoding=\"async\" class=\"alignnone wp-image-14111\" src=\"https:\/\/yei.tours\/wp-content\/uploads\/2023\/05\/smoking.png\" alt=\"\" width=\"50\" height=\"50\" srcset=\"https:\/\/yei.tours\/wp-content\/uploads\/2023\/05\/smoking.png 100w, https:\/\/yei.tours\/wp-content\/uploads\/2023\/05\/smoking-12x12.png 12w, https:\/\/yei.tours\/wp-content\/uploads\/2023\/05\/smoking-30x30.png 30w\" sizes=\"auto, (max-width: 50px) 100vw, 50px\" \/>\u00a0 \u00a0 \u00a0 \u00a0 \u00a0 \u00a0<img loading=\"lazy\" decoding=\"async\" class=\"alignnone wp-image-14108\" src=\"https:\/\/yei.tours\/wp-content\/uploads\/2023\/05\/pets-allowed.png\" alt=\"\" width=\"50\" height=\"50\" srcset=\"https:\/\/yei.tours\/wp-content\/uploads\/2023\/05\/pets-allowed.png 100w, https:\/\/yei.tours\/wp-content\/uploads\/2023\/05\/pets-allowed-12x12.png 12w, https:\/\/yei.tours\/wp-content\/uploads\/2023\/05\/pets-allowed-30x30.png 30w\" sizes=\"auto, (max-width: 50px) 100vw, 50px\" \/>\u00a0 \u00a0 \u00a0 \u00a0 \u00a0 \u00a0 <img loading=\"lazy\" decoding=\"async\" class=\"alignnone wp-image-14109\" src=\"https:\/\/yei.tours\/wp-content\/uploads\/2023\/05\/throwing-trash.png\" alt=\"\" width=\"50\" height=\"50\" srcset=\"https:\/\/yei.tours\/wp-content\/uploads\/2023\/05\/throwing-trash.png 100w, https:\/\/yei.tours\/wp-content\/uploads\/2023\/05\/throwing-trash-12x12.png 12w, https:\/\/yei.tours\/wp-content\/uploads\/2023\/05\/throwing-trash-30x30.png 30w\" sizes=\"auto, (max-width: 50px) 100vw, 50px\" \/><br \/>\nNo Smoking  No Pets   No Littering<br \/>\n<img loading=\"lazy\" decoding=\"async\" class=\"alignnone wp-image-14112\" src=\"https:\/\/yei.tours\/wp-content\/uploads\/2023\/05\/drone.png\" alt=\"\" width=\"50\" height=\"50\" srcset=\"https:\/\/yei.tours\/wp-content\/uploads\/2023\/05\/drone.png 100w, https:\/\/yei.tours\/wp-content\/uploads\/2023\/05\/drone-12x12.png 12w, https:\/\/yei.tours\/wp-content\/uploads\/2023\/05\/drone-30x30.png 30w\" sizes=\"auto, (max-width: 50px) 100vw, 50px\" \/><br \/>\nNo drones<\/p>","protected":false},"excerpt":{"rendered":"<h3><b>[language-switcher]<\/b><\/h3>\n<h3 style=\"text-align: justify;\">TOUR PRIVADO<\/h3>\n<h3>SALIDA DESDE MORELIA<\/h3>\n<p style=\"text-align: right;\"><img loading=\"lazy\" decoding=\"async\" class=\"aligncenter wp-image-14376\" src=\"https:\/\/yei.tours\/wp-content\/uploads\/2023\/05\/ARQ-1.png\" alt=\"\" width=\"200\" height=\"200\" srcset=\"https:\/\/yei.tours\/wp-content\/uploads\/2023\/05\/ARQ-1.png 1000w, https:\/\/yei.tours\/wp-content\/uploads\/2023\/05\/ARQ-1-300x300.png 300w, https:\/\/yei.tours\/wp-content\/uploads\/2023\/05\/ARQ-1-150x150.png 150w, https:\/\/yei.tours\/wp-content\/uploads\/2023\/05\/ARQ-1-768x768.png 768w, https:\/\/yei.tours\/wp-content\/uploads\/2023\/05\/ARQ-1-12x12.png 12w, https:\/\/yei.tours\/wp-content\/uploads\/2023\/05\/ARQ-1-30x30.png 30w, https:\/\/yei.tours\/wp-content\/uploads\/2023\/05\/ARQ-1-100x100.png 100w, https:\/\/yei.tours\/wp-content\/uploads\/2023\/05\/ARQ-1-960x960.png 960w, https:\/\/yei.tours\/wp-content\/uploads\/2023\/05\/ARQ-1-640x640.png 640w, https:\/\/yei.tours\/wp-content\/uploads\/2023\/05\/ARQ-1-480x480.png 480w, https:\/\/yei.tours\/wp-content\/uploads\/2023\/05\/ARQ-1-600x600.png 600w\" sizes=\"auto, (max-width: 200px) 100vw, 200px\" \/><\/p>\n<p><img loading=\"lazy\" decoding=\"async\" class=\"alignnone wp-image-14119\" src=\"https:\/\/yei.tours\/wp-content\/uploads\/2023\/05\/sun.png\" alt=\"\" width=\"40\" height=\"40\" srcset=\"https:\/\/yei.tours\/wp-content\/uploads\/2023\/05\/sun.png 100w, https:\/\/yei.tours\/wp-content\/uploads\/2023\/05\/sun-12x12.png 12w, https:\/\/yei.tours\/wp-content\/uploads\/2023\/05\/sun-30x30.png 30w\" sizes=\"auto, (max-width: 40px) 100vw, 40px\" \/> \u00a0<strong><em>Salida<\/em><\/strong> 8:00 am<br \/>\n<img loading=\"lazy\" decoding=\"async\" class=\"alignnone wp-image-14103\" src=\"https:\/\/yei.tours\/wp-content\/uploads\/2023\/05\/time.png\" alt=\"\" width=\"40\" height=\"40\" srcset=\"https:\/\/yei.tours\/wp-content\/uploads\/2023\/05\/time.png 100w, https:\/\/yei.tours\/wp-content\/uploads\/2023\/05\/time-12x12.png 12w, https:\/\/yei.tours\/wp-content\/uploads\/2023\/05\/time-30x30.png 30w\" sizes=\"auto, (max-width: 40px) 100vw, 40px\" \/>\u00a0 <strong><em>Regreso<\/em><\/strong> 4:00 pm<\/p>\n<p>&nbsp;<\/p>\n<p>INCLUYE<\/p>\n<p><img loading=\"lazy\" decoding=\"async\" class=\"alignnone wp-image-14129\" src=\"https:\/\/yei.tours\/wp-content\/uploads\/2023\/05\/tour-guide.png\" alt=\"\" width=\"25\" height=\"25\" srcset=\"https:\/\/yei.tours\/wp-content\/uploads\/2023\/05\/tour-guide.png 100w, https:\/\/yei.tours\/wp-content\/uploads\/2023\/05\/tour-guide-12x12.png 12w, https:\/\/yei.tours\/wp-content\/uploads\/2023\/05\/tour-guide-30x30.png 30w\" sizes=\"auto, (max-width: 25px) 100vw, 25px\" \/>\u00a0 \u00a0 Gu\u00eda certificado privado<br \/>\n<img loading=\"lazy\" decoding=\"async\" class=\"alignnone wp-image-14123\" src=\"https:\/\/yei.tours\/wp-content\/uploads\/2023\/05\/mini-van.png\" alt=\"\" width=\"25\" height=\"25\" srcset=\"https:\/\/yei.tours\/wp-content\/uploads\/2023\/05\/mini-van.png 100w, https:\/\/yei.tours\/wp-content\/uploads\/2023\/05\/mini-van-12x12.png 12w, https:\/\/yei.tours\/wp-content\/uploads\/2023\/05\/mini-van-30x30.png 30w\" sizes=\"auto, (max-width: 25px) 100vw, 25px\" \/>\u00a0 \u00a0 Transporte redondo<br \/>\n<img loading=\"lazy\" decoding=\"async\" class=\"alignnone wp-image-14124\" src=\"https:\/\/yei.tours\/wp-content\/uploads\/2023\/05\/ticket-5.png\" alt=\"\" width=\"25\" height=\"25\" srcset=\"https:\/\/yei.tours\/wp-content\/uploads\/2023\/05\/ticket-5.png 100w, https:\/\/yei.tours\/wp-content\/uploads\/2023\/05\/ticket-5-12x12.png 12w, https:\/\/yei.tours\/wp-content\/uploads\/2023\/05\/ticket-5-30x30.png 30w\" sizes=\"auto, (max-width: 25px) 100vw, 25px\" \/>\u00a0 \u00a0 \u00a0Entradas<br \/>\n<img loading=\"lazy\" decoding=\"async\" class=\"alignnone wp-image-14126\" src=\"https:\/\/yei.tours\/wp-content\/uploads\/2023\/05\/breakfast-1.png\" alt=\"\" width=\"30\" height=\"30\" srcset=\"https:\/\/yei.tours\/wp-content\/uploads\/2023\/05\/breakfast-1.png 100w, https:\/\/yei.tours\/wp-content\/uploads\/2023\/05\/breakfast-1-12x12.png 12w, https:\/\/yei.tours\/wp-content\/uploads\/2023\/05\/breakfast-1-30x30.png 30w\" sizes=\"auto, (max-width: 30px) 100vw, 30px\" \/>\u00a0 \u00a0 Comida tradicional (carnitas michoacanas)<br \/>\n<img loading=\"lazy\" decoding=\"async\" class=\"alignnone wp-image-14117\" src=\"https:\/\/yei.tours\/wp-content\/uploads\/2023\/05\/water-bottle.png\" alt=\"\" width=\"25\" height=\"25\" srcset=\"https:\/\/yei.tours\/wp-content\/uploads\/2023\/05\/water-bottle.png 100w, https:\/\/yei.tours\/wp-content\/uploads\/2023\/05\/water-bottle-12x12.png 12w, https:\/\/yei.tours\/wp-content\/uploads\/2023\/05\/water-bottle-30x30.png 30w\" sizes=\"auto, (max-width: 25px) 100vw, 25px\" \/>\u00a0 \u00a0 \u00a0Bebidas Refrescantes<br \/>\n<img loading=\"lazy\" decoding=\"async\" class=\"alignnone wp-image-14113\" src=\"https:\/\/yei.tours\/wp-content\/uploads\/2023\/05\/cathedral.png\" alt=\"\" width=\"30\" height=\"30\" srcset=\"https:\/\/yei.tours\/wp-content\/uploads\/2023\/05\/cathedral.png 100w, https:\/\/yei.tours\/wp-content\/uploads\/2023\/05\/cathedral-12x12.png 12w, https:\/\/yei.tours\/wp-content\/uploads\/2023\/05\/cathedral-30x30.png 30w\" sizes=\"auto, (max-width: 30px) 100vw, 30px\" \/>\u00a0 \u00a0 Visita hist\u00f3rica | cultural<br \/>\n<img loading=\"lazy\" decoding=\"async\" class=\"alignnone wp-image-14127\" src=\"https:\/\/yei.tours\/wp-content\/uploads\/2023\/05\/chichen-itza.png\" alt=\"\" width=\"30\" height=\"30\" srcset=\"https:\/\/yei.tours\/wp-content\/uploads\/2023\/05\/chichen-itza.png 100w, https:\/\/yei.tours\/wp-content\/uploads\/2023\/05\/chichen-itza-12x12.png 12w, https:\/\/yei.tours\/wp-content\/uploads\/2023\/05\/chichen-itza-30x30.png 30w\" sizes=\"auto, (max-width: 30px) 100vw, 30px\" \/>\u00a0 \u00a0 Visita a zona arqueol\u00f3gica<\/p>\n<p>SUGERIMOS<\/p>\n<p><img loading=\"lazy\" decoding=\"async\" class=\"alignnone wp-image-14137\" src=\"https:\/\/yei.tours\/wp-content\/uploads\/2023\/05\/pay.png\" alt=\"\" width=\"25\" height=\"25\" srcset=\"https:\/\/yei.tours\/wp-content\/uploads\/2023\/05\/pay.png 512w, https:\/\/yei.tours\/wp-content\/uploads\/2023\/05\/pay-300x300.png 300w, https:\/\/yei.tours\/wp-content\/uploads\/2023\/05\/pay-150x150.png 150w, https:\/\/yei.tours\/wp-content\/uploads\/2023\/05\/pay-12x12.png 12w, https:\/\/yei.tours\/wp-content\/uploads\/2023\/05\/pay-30x30.png 30w, https:\/\/yei.tours\/wp-content\/uploads\/2023\/05\/pay-500x500.png 500w, https:\/\/yei.tours\/wp-content\/uploads\/2023\/05\/pay-480x480.png 480w, https:\/\/yei.tours\/wp-content\/uploads\/2023\/05\/pay-100x100.png 100w\" sizes=\"auto, (max-width: 25px) 100vw, 25px\" \/>\u00a0 \u00a0 \u00a0 Llevar efectivo para pagos de servicios<br \/>\n<img loading=\"lazy\" decoding=\"async\" class=\"alignnone wp-image-14105\" src=\"https:\/\/yei.tours\/wp-content\/uploads\/2023\/05\/cap.png\" alt=\"\" width=\"30\" height=\"30\" srcset=\"https:\/\/yei.tours\/wp-content\/uploads\/2023\/05\/cap.png 100w, https:\/\/yei.tours\/wp-content\/uploads\/2023\/05\/cap-12x12.png 12w, https:\/\/yei.tours\/wp-content\/uploads\/2023\/05\/cap-30x30.png 30w\" sizes=\"auto, (max-width: 30px) 100vw, 30px\" \/>\u00a0 \u00a0 \u00a0Uso de gorra o sombrero y lentes de sol<br \/>\n<img loading=\"lazy\" decoding=\"async\" class=\"alignnone wp-image-14125\" src=\"https:\/\/yei.tours\/wp-content\/uploads\/2023\/05\/take-away-1.png\" alt=\"\" width=\"30\" height=\"30\" srcset=\"https:\/\/yei.tours\/wp-content\/uploads\/2023\/05\/take-away-1.png 100w, https:\/\/yei.tours\/wp-content\/uploads\/2023\/05\/take-away-1-12x12.png 12w, https:\/\/yei.tours\/wp-content\/uploads\/2023\/05\/take-away-1-30x30.png 30w\" sizes=\"auto, (max-width: 30px) 100vw, 30px\" \/>\u00a0 \u00a0 \u00a0Trae contigo alg\u00fan refrigerio<\/p>\n<p>&nbsp;<\/p>\n","protected":false},"featured_media":3359,"template":"","meta":{"_crdt_document":"","_monsterinsights_skip_tracking":false,"_monsterinsights_sitenote_active":false,"_monsterinsights_sitenote_note":"","_monsterinsights_sitenote_category":0,"_themeisle_gutenberg_block_has_review":false},"product_brand":[],"product_cat":[15],"product_tag":[358,351,347,350,365,352,346,359,364,357,356,363],"class_list":{"0":"post-14372","1":"product","2":"type-product","3":"status-publish","4":"has-post-thumbnail","6":"product_cat-todos","7":"product_tag-archaeology-tour","8":"product_tag-michoacan-tours","9":"product_tag-morelia-pueblos-magicos","10":"product_tag-morelia-tours","11":"product_tag-private-tours-in-morelia","12":"product_tag-pueblos-magicos-cerca-de-morelia","13":"product_tag-purepecha-history","14":"product_tag-purepecha-tour","15":"product_tag-tour-privado-en-morelia","16":"product_tag-tours-from-morelia","17":"product_tag-tours-in-morelia","18":"product_tag-tzintzuntzan_","19":"yith_product_brand-arq_","21":"first","22":"instock","23":"virtual","24":"sold-individually","25":"purchasable","26":"product-type-booking"},"yoast_head":"<!-- This site is optimized with the Yoast SEO plugin v27.4 - https:\/\/yoast.com\/product\/yoast-seo-wordpress\/ -->\n<title>TOUR ARQUEOL\u00d3GICO - Yei!<\/title>\n<meta name=\"description\" content=\"Un tour en donde podr\u00e1s visitar las principales zonas arqueol\u00f3gicas de Michoac\u00e1n y vivir la historia de sus antiguos ocupantes.\" \/>\n<meta name=\"robots\" content=\"index, follow, max-snippet:-1, max-image-preview:large, max-video-preview:-1\" \/>\n<link rel=\"canonical\" href=\"https:\/\/yei.tours\/en_en\/product\/arq\/\" \/>\n<meta property=\"og:locale\" content=\"en_GB\" \/>\n<meta property=\"og:type\" content=\"article\" \/>\n<meta property=\"og:title\" content=\"TOUR ARQUEOL\u00d3GICO - Yei!\" \/>\n<meta property=\"og:description\" content=\"Un tour en donde podr\u00e1s visitar las principales zonas arqueol\u00f3gicas de Michoac\u00e1n y vivir la historia de sus antiguos ocupantes.\" \/>\n<meta property=\"og:url\" content=\"https:\/\/yei.tours\/en_en\/product\/arq\/\" \/>\n<meta property=\"og:site_name\" content=\"Yei!\" \/>\n<meta property=\"article:publisher\" content=\"https:\/\/www.facebook.com\/YeiTours\/\" \/>\n<meta property=\"article:modified_time\" content=\"2025-12-02T17:10:52+00:00\" \/>\n<meta property=\"og:image\" content=\"https:\/\/yei.tours\/wp-content\/uploads\/2019\/04\/ScreenHunter-71.jpg\" \/>\n\t<meta property=\"og:image:width\" content=\"1365\" \/>\n\t<meta property=\"og:image:height\" content=\"767\" \/>\n\t<meta property=\"og:image:type\" content=\"image\/jpeg\" \/>\n<meta name=\"twitter:card\" content=\"summary_large_image\" \/>\n<meta name=\"twitter:site\" content=\"@YeiTours\" \/>\n<meta name=\"twitter:label1\" content=\"Estimated reading time\" \/>\n\t<meta name=\"twitter:data1\" content=\"3 minutes\" \/>\n<script type=\"application\/ld+json\" class=\"yoast-schema-graph\">{\"@context\":\"https:\\\/\\\/schema.org\",\"@graph\":[{\"@type\":\"WebPage\",\"@id\":\"https:\\\/\\\/yei.tours\\\/producto\\\/arq\\\/\",\"url\":\"https:\\\/\\\/yei.tours\\\/producto\\\/arq\\\/\",\"name\":\"TOUR ARQUEOL\u00d3GICO - Yei!\",\"isPartOf\":{\"@id\":\"https:\\\/\\\/yei.tours\\\/#website\"},\"primaryImageOfPage\":{\"@id\":\"https:\\\/\\\/yei.tours\\\/producto\\\/arq\\\/#primaryimage\"},\"image\":{\"@id\":\"https:\\\/\\\/yei.tours\\\/producto\\\/arq\\\/#primaryimage\"},\"thumbnailUrl\":\"https:\\\/\\\/yei.tours\\\/wp-content\\\/uploads\\\/2019\\\/04\\\/ScreenHunter-71.jpg\",\"datePublished\":\"2023-05-31T19:11:33+00:00\",\"dateModified\":\"2025-12-02T17:10:52+00:00\",\"description\":\"Un tour en donde podr\u00e1s visitar las principales zonas arqueol\u00f3gicas de Michoac\u00e1n y vivir la historia de sus antiguos ocupantes.\",\"breadcrumb\":{\"@id\":\"https:\\\/\\\/yei.tours\\\/producto\\\/arq\\\/#breadcrumb\"},\"inLanguage\":\"en-GB\",\"potentialAction\":[{\"@type\":\"ReadAction\",\"target\":[\"https:\\\/\\\/yei.tours\\\/producto\\\/arq\\\/\"]}]},{\"@type\":\"ImageObject\",\"inLanguage\":\"en-GB\",\"@id\":\"https:\\\/\\\/yei.tours\\\/producto\\\/arq\\\/#primaryimage\",\"url\":\"https:\\\/\\\/yei.tours\\\/wp-content\\\/uploads\\\/2019\\\/04\\\/ScreenHunter-71.jpg\",\"contentUrl\":\"https:\\\/\\\/yei.tours\\\/wp-content\\\/uploads\\\/2019\\\/04\\\/ScreenHunter-71.jpg\",\"width\":1365,\"height\":767},{\"@type\":\"BreadcrumbList\",\"@id\":\"https:\\\/\\\/yei.tours\\\/producto\\\/arq\\\/#breadcrumb\",\"itemListElement\":[{\"@type\":\"ListItem\",\"position\":1,\"name\":\"Inicio\",\"item\":\"https:\\\/\\\/yei.tours\\\/\"},{\"@type\":\"ListItem\",\"position\":2,\"name\":\"Tours\",\"item\":\"https:\\\/\\\/yei.tours\\\/tours\\\/\"},{\"@type\":\"ListItem\",\"position\":3,\"name\":\"TOUR ARQUEOL\u00d3GICO\"}]},{\"@type\":\"WebSite\",\"@id\":\"https:\\\/\\\/yei.tours\\\/#website\",\"url\":\"https:\\\/\\\/yei.tours\\\/\",\"name\":\"Yei!\",\"description\":\"\",\"publisher\":{\"@id\":\"https:\\\/\\\/yei.tours\\\/#organization\"},\"potentialAction\":[{\"@type\":\"SearchAction\",\"target\":{\"@type\":\"EntryPoint\",\"urlTemplate\":\"https:\\\/\\\/yei.tours\\\/?s={search_term_string}\"},\"query-input\":{\"@type\":\"PropertyValueSpecification\",\"valueRequired\":true,\"valueName\":\"search_term_string\"}}],\"inLanguage\":\"en-GB\"},{\"@type\":\"Organization\",\"@id\":\"https:\\\/\\\/yei.tours\\\/#organization\",\"name\":\"Yei Tours\",\"url\":\"https:\\\/\\\/yei.tours\\\/\",\"logo\":{\"@type\":\"ImageObject\",\"inLanguage\":\"en-GB\",\"@id\":\"https:\\\/\\\/yei.tours\\\/#\\\/schema\\\/logo\\\/image\\\/\",\"url\":\"https:\\\/\\\/yei.tours\\\/wp-content\\\/uploads\\\/2018\\\/08\\\/cropped-Web-Logo.png\",\"contentUrl\":\"https:\\\/\\\/yei.tours\\\/wp-content\\\/uploads\\\/2018\\\/08\\\/cropped-Web-Logo.png\",\"width\":94,\"height\":50,\"caption\":\"Yei Tours\"},\"image\":{\"@id\":\"https:\\\/\\\/yei.tours\\\/#\\\/schema\\\/logo\\\/image\\\/\"},\"sameAs\":[\"https:\\\/\\\/www.facebook.com\\\/YeiTours\\\/\",\"https:\\\/\\\/x.com\\\/YeiTours\",\"https:\\\/\\\/www.instagram.com\\\/yeitours\\\/\"]}]}<\/script>\n<!-- \/ Yoast SEO plugin. -->","yoast_head_json":{"title":"TOUR ARQUEOL\u00d3GICO - Yei!","description":"Un tour en donde podr\u00e1s visitar las principales zonas arqueol\u00f3gicas de Michoac\u00e1n y vivir la historia de sus antiguos ocupantes.","robots":{"index":"index","follow":"follow","max-snippet":"max-snippet:-1","max-image-preview":"max-image-preview:large","max-video-preview":"max-video-preview:-1"},"canonical":"https:\/\/yei.tours\/en_en\/product\/arq\/","og_locale":"en_GB","og_type":"article","og_title":"TOUR ARQUEOL\u00d3GICO - Yei!","og_description":"Un tour en donde podr\u00e1s visitar las principales zonas arqueol\u00f3gicas de Michoac\u00e1n y vivir la historia de sus antiguos ocupantes.","og_url":"https:\/\/yei.tours\/en_en\/product\/arq\/","og_site_name":"Yei!","article_publisher":"https:\/\/www.facebook.com\/YeiTours\/","article_modified_time":"2025-12-02T17:10:52+00:00","og_image":[{"width":1365,"height":767,"url":"https:\/\/yei.tours\/wp-content\/uploads\/2019\/04\/ScreenHunter-71.jpg","type":"image\/jpeg"}],"twitter_card":"summary_large_image","twitter_site":"@YeiTours","twitter_misc":{"Estimated reading time":"3 minutes"},"schema":{"@context":"https:\/\/schema.org","@graph":[{"@type":"WebPage","@id":"https:\/\/yei.tours\/producto\/arq\/","url":"https:\/\/yei.tours\/producto\/arq\/","name":"TOUR ARQUEOL\u00d3GICO - Yei!","isPartOf":{"@id":"https:\/\/yei.tours\/#website"},"primaryImageOfPage":{"@id":"https:\/\/yei.tours\/producto\/arq\/#primaryimage"},"image":{"@id":"https:\/\/yei.tours\/producto\/arq\/#primaryimage"},"thumbnailUrl":"https:\/\/yei.tours\/wp-content\/uploads\/2019\/04\/ScreenHunter-71.jpg","datePublished":"2023-05-31T19:11:33+00:00","dateModified":"2025-12-02T17:10:52+00:00","description":"Un tour en donde podr\u00e1s visitar las principales zonas arqueol\u00f3gicas de Michoac\u00e1n y vivir la historia de sus antiguos ocupantes.","breadcrumb":{"@id":"https:\/\/yei.tours\/producto\/arq\/#breadcrumb"},"inLanguage":"en-GB","potentialAction":[{"@type":"ReadAction","target":["https:\/\/yei.tours\/producto\/arq\/"]}]},{"@type":"ImageObject","inLanguage":"en-GB","@id":"https:\/\/yei.tours\/producto\/arq\/#primaryimage","url":"https:\/\/yei.tours\/wp-content\/uploads\/2019\/04\/ScreenHunter-71.jpg","contentUrl":"https:\/\/yei.tours\/wp-content\/uploads\/2019\/04\/ScreenHunter-71.jpg","width":1365,"height":767},{"@type":"BreadcrumbList","@id":"https:\/\/yei.tours\/producto\/arq\/#breadcrumb","itemListElement":[{"@type":"ListItem","position":1,"name":"Inicio","item":"https:\/\/yei.tours\/"},{"@type":"ListItem","position":2,"name":"Tours","item":"https:\/\/yei.tours\/tours\/"},{"@type":"ListItem","position":3,"name":"TOUR ARQUEOL\u00d3GICO"}]},{"@type":"WebSite","@id":"https:\/\/yei.tours\/#website","url":"https:\/\/yei.tours\/","name":"Yei!","description":"","publisher":{"@id":"https:\/\/yei.tours\/#organization"},"potentialAction":[{"@type":"SearchAction","target":{"@type":"EntryPoint","urlTemplate":"https:\/\/yei.tours\/?s={search_term_string}"},"query-input":{"@type":"PropertyValueSpecification","valueRequired":true,"valueName":"search_term_string"}}],"inLanguage":"en-GB"},{"@type":"Organization","@id":"https:\/\/yei.tours\/#organization","name":"Yei Tours","url":"https:\/\/yei.tours\/","logo":{"@type":"ImageObject","inLanguage":"en-GB","@id":"https:\/\/yei.tours\/#\/schema\/logo\/image\/","url":"https:\/\/yei.tours\/wp-content\/uploads\/2018\/08\/cropped-Web-Logo.png","contentUrl":"https:\/\/yei.tours\/wp-content\/uploads\/2018\/08\/cropped-Web-Logo.png","width":94,"height":50,"caption":"Yei Tours"},"image":{"@id":"https:\/\/yei.tours\/#\/schema\/logo\/image\/"},"sameAs":["https:\/\/www.facebook.com\/YeiTours\/","https:\/\/x.com\/YeiTours","https:\/\/www.instagram.com\/yeitours\/"]}]}},"_links":{"self":[{"href":"https:\/\/yei.tours\/en_en\/wp-json\/wp\/v2\/product\/14372","targetHints":{"allow":["GET"]}}],"collection":[{"href":"https:\/\/yei.tours\/en_en\/wp-json\/wp\/v2\/product"}],"about":[{"href":"https:\/\/yei.tours\/en_en\/wp-json\/wp\/v2\/types\/product"}],"wp:featuredmedia":[{"embeddable":true,"href":"https:\/\/yei.tours\/en_en\/wp-json\/wp\/v2\/media\/3359"}],"wp:attachment":[{"href":"https:\/\/yei.tours\/en_en\/wp-json\/wp\/v2\/media?parent=14372"}],"wp:term":[{"taxonomy":"product_brand","embeddable":true,"href":"https:\/\/yei.tours\/en_en\/wp-json\/wp\/v2\/product_brand?post=14372"},{"taxonomy":"product_cat","embeddable":true,"href":"https:\/\/yei.tours\/en_en\/wp-json\/wp\/v2\/product_cat?post=14372"},{"taxonomy":"product_tag","embeddable":true,"href":"https:\/\/yei.tours\/en_en\/wp-json\/wp\/v2\/product_tag?post=14372"}],"curies":[{"name":"wp","href":"https:\/\/api.w.org\/{rel}","templated":true}]}}